{"id":157,"date":"2024-05-16T00:08:42","date_gmt":"2024-05-15T22:08:42","guid":{"rendered":"https:\/\/lumi.education\/?page_id=157"},"modified":"2024-05-16T00:09:19","modified_gmt":"2024-05-15T22:09:19","slug":"acceptable-use-policy","status":"publish","type":"page","link":"https:\/\/lumi.education\/cs\/zasady-prijatelneho-pouziti\/","title":{"rendered":"Z\u00e1sady p\u0159ijateln\u00e9ho pou\u017eit\u00ed"},"content":{"rendered":"\t\t<div data-elementor-type=\"wp-page\" data-elementor-id=\"157\" class=\"elementor elementor-157\">\n\t\t\t\t<div class=\"elementor-element elementor-element-b2d226f e-flex e-con-boxed e-con e-parent\" data-id=\"b2d226f\" data-element_type=\"container\" data-e-type=\"container\">\n\t\t\t\t\t<div class=\"e-con-inner\">\n\t\t\t\t<div class=\"elementor-element elementor-element-e73301e elementor-widget elementor-widget-html\" data-id=\"e73301e\" data-element_type=\"widget\" data-e-type=\"widget\" data-widget_type=\"html.default\">\n\t\t\t\t<div class=\"elementor-widget-container\">\n\t\t\t\t\t<div name=\"termly-embed\" data-id=\"56b2b1a2-3168-404a-ae03-7dea191a95b4\"><\/div>\n<script type=\"text\/javascript\">(function(d, s, id) {\n  var js, tjs = d.getElementsByTagName(s)[0];\n  if (d.getElementById(id)) return;\n  js = d.createElement(s); js.id = id;\n  js.src = \"https:\/\/app.termly.io\/embed-policy.min.js\";\n  tjs.parentNode.insertBefore(js, tjs);\n}(document, 'script', 'termly-jssdk'));<\/script>\t\t\t\t<\/div>\n\t\t\t\t<\/div>\n\t\t\t\t\t<\/div>\n\t\t\t\t<\/div>\n\t\t\t\t<\/div>\n\t\t","protected":false},"excerpt":{"rendered":"","protected":false},"author":250656366,"featured_media":0,"parent":0,"menu_order":0,"comment_status":"closed","ping_status":"closed","template":"","meta":{"footnotes":""},"class_list":["post-157","page","type-page","status-publish","hentry"],"yoast_head":"<!-- This site is optimized with the Yoast SEO Premium plugin v22.7 (Yoast SEO v27.5) - https:\/\/yoast.com\/product\/yoast-seo-premium-wordpress\/ -->\n<title>Acceptable Use Policy - Lumi Education<\/title>\n<meta name=\"robots\" content=\"index, follow, max-snippet:-1, max-image-preview:large, max-video-preview:-1\" \/>\n<link rel=\"canonical\" href=\"https:\/\/lumi.education\/cs\/zasady-prijatelneho-pouziti\/\" \/>\n<meta property=\"og:locale\" content=\"cs_CZ\" \/>\n<meta property=\"og:type\" content=\"article\" \/>\n<meta property=\"og:title\" content=\"Acceptable Use Policy\" \/>\n<meta property=\"og:url\" content=\"https:\/\/lumi.education\/cs\/zasady-prijatelneho-pouziti\/\" \/>\n<meta property=\"og:site_name\" content=\"Lumi Education\" \/>\n<meta property=\"article:modified_time\" content=\"2024-05-15T22:09:19+00:00\" \/>\n<meta name=\"twitter:card\" content=\"summary_large_image\" \/>\n<meta name=\"twitter:site\" content=\"@Lumieducation\" \/>\n<script type=\"application\/ld+json\" class=\"yoast-schema-graph\">{\"@context\":\"https:\\\/\\\/schema.org\",\"@graph\":[{\"@type\":\"WebPage\",\"@id\":\"https:\\\/\\\/lumi.education\\\/acceptable-use-policy\\\/\",\"url\":\"https:\\\/\\\/lumi.education\\\/acceptable-use-policy\\\/\",\"name\":\"Acceptable Use Policy - Lumi Education\",\"isPartOf\":{\"@id\":\"https:\\\/\\\/lumi.education\\\/en\\\/#website\"},\"datePublished\":\"2024-05-15T22:08:42+00:00\",\"dateModified\":\"2024-05-15T22:09:19+00:00\",\"breadcrumb\":{\"@id\":\"https:\\\/\\\/lumi.education\\\/acceptable-use-policy\\\/#breadcrumb\"},\"inLanguage\":\"cs\",\"potentialAction\":[{\"@type\":\"ReadAction\",\"target\":[\"https:\\\/\\\/lumi.education\\\/acceptable-use-policy\\\/\"]}]},{\"@type\":\"BreadcrumbList\",\"@id\":\"https:\\\/\\\/lumi.education\\\/acceptable-use-policy\\\/#breadcrumb\",\"itemListElement\":[{\"@type\":\"ListItem\",\"position\":1,\"name\":\"Home\",\"item\":\"https:\\\/\\\/lumi.education\\\/\"},{\"@type\":\"ListItem\",\"position\":2,\"name\":\"Acceptable Use Policy\"}]},{\"@type\":\"WebSite\",\"@id\":\"https:\\\/\\\/lumi.education\\\/en\\\/#website\",\"url\":\"https:\\\/\\\/lumi.education\\\/en\\\/\",\"name\":\"Lumi Education\",\"description\":\"Make education accessible, individual and exciting.\",\"publisher\":{\"@id\":\"https:\\\/\\\/lumi.education\\\/en\\\/#organization\"},\"potentialAction\":[{\"@type\":\"SearchAction\",\"target\":{\"@type\":\"EntryPoint\",\"urlTemplate\":\"https:\\\/\\\/lumi.education\\\/en\\\/?s={search_term_string}\"},\"query-input\":{\"@type\":\"PropertyValueSpecification\",\"valueRequired\":true,\"valueName\":\"search_term_string\"}}],\"inLanguage\":\"cs\"},{\"@type\":\"Organization\",\"@id\":\"https:\\\/\\\/lumi.education\\\/en\\\/#organization\",\"name\":\"Lumi Education\",\"url\":\"https:\\\/\\\/lumi.education\\\/en\\\/\",\"logo\":{\"@type\":\"ImageObject\",\"inLanguage\":\"cs\",\"@id\":\"https:\\\/\\\/lumi.education\\\/en\\\/#\\\/schema\\\/logo\\\/image\\\/\",\"url\":\"https:\\\/\\\/i0.wp.com\\\/lumi.education\\\/wp-content\\\/uploads\\\/2024\\\/05\\\/mstile-310x310-1.png?fit=310%2C310&ssl=1\",\"contentUrl\":\"https:\\\/\\\/i0.wp.com\\\/lumi.education\\\/wp-content\\\/uploads\\\/2024\\\/05\\\/mstile-310x310-1.png?fit=310%2C310&ssl=1\",\"width\":310,\"height\":310,\"caption\":\"Lumi Education\"},\"image\":{\"@id\":\"https:\\\/\\\/lumi.education\\\/en\\\/#\\\/schema\\\/logo\\\/image\\\/\"},\"sameAs\":[\"https:\\\/\\\/x.com\\\/Lumieducation\"]}]}<\/script>\n<!-- \/ Yoast SEO Premium plugin. -->","yoast_head_json":{"title":"Z\u00e1sady p\u0159ijateln\u00e9ho pou\u017e\u00edv\u00e1n\u00ed \u2013 Lumi Education","robots":{"index":"index","follow":"follow","max-snippet":"max-snippet:-1","max-image-preview":"max-image-preview:large","max-video-preview":"max-video-preview:-1"},"canonical":"https:\/\/lumi.education\/cs\/zasady-prijatelneho-pouziti\/","og_locale":"cs_CZ","og_type":"article","og_title":"Acceptable Use Policy","og_url":"https:\/\/lumi.education\/cs\/zasady-prijatelneho-pouziti\/","og_site_name":"Lumi Education","article_modified_time":"2024-05-15T22:09:19+00:00","twitter_card":"summary_large_image","twitter_site":"@Lumieducation","schema":{"@context":"https:\/\/schema.org","@graph":[{"@type":"WebPage","@id":"https:\/\/lumi.education\/acceptable-use-policy\/","url":"https:\/\/lumi.education\/acceptable-use-policy\/","name":"Z\u00e1sady p\u0159ijateln\u00e9ho pou\u017e\u00edv\u00e1n\u00ed \u2013 Lumi Education","isPartOf":{"@id":"https:\/\/lumi.education\/en\/#website"},"datePublished":"2024-05-15T22:08:42+00:00","dateModified":"2024-05-15T22:09:19+00:00","breadcrumb":{"@id":"https:\/\/lumi.education\/acceptable-use-policy\/#breadcrumb"},"inLanguage":"cs","potentialAction":[{"@type":"ReadAction","target":["https:\/\/lumi.education\/acceptable-use-policy\/"]}]},{"@type":"BreadcrumbList","@id":"https:\/\/lumi.education\/acceptable-use-policy\/#breadcrumb","itemListElement":[{"@type":"ListItem","position":1,"name":"Home","item":"https:\/\/lumi.education\/"},{"@type":"ListItem","position":2,"name":"Acceptable Use Policy"}]},{"@type":"WebSite","@id":"https:\/\/lumi.education\/en\/#website","url":"https:\/\/lumi.education\/en\/","name":"Lumi Vzd\u011bl\u00e1v\u00e1n\u00ed","description":"Ud\u011blejte vzd\u011bl\u00e1n\u00ed p\u0159\u00edstupn\u00e9, individu\u00e1ln\u00ed a vzru\u0161uj\u00edc\u00ed.","publisher":{"@id":"https:\/\/lumi.education\/en\/#organization"},"potentialAction":[{"@type":"SearchAction","target":{"@type":"EntryPoint","urlTemplate":"https:\/\/lumi.education\/en\/?s={search_term_string}"},"query-input":{"@type":"PropertyValueSpecification","valueRequired":true,"valueName":"search_term_string"}}],"inLanguage":"cs"},{"@type":"Organization","@id":"https:\/\/lumi.education\/en\/#organization","name":"Lumi Vzd\u011bl\u00e1v\u00e1n\u00ed","url":"https:\/\/lumi.education\/en\/","logo":{"@type":"ImageObject","inLanguage":"cs","@id":"https:\/\/lumi.education\/en\/#\/schema\/logo\/image\/","url":"https:\/\/i0.wp.com\/lumi.education\/wp-content\/uploads\/2024\/05\/mstile-310x310-1.png?fit=310%2C310&ssl=1","contentUrl":"https:\/\/i0.wp.com\/lumi.education\/wp-content\/uploads\/2024\/05\/mstile-310x310-1.png?fit=310%2C310&ssl=1","width":310,"height":310,"caption":"Lumi Education"},"image":{"@id":"https:\/\/lumi.education\/en\/#\/schema\/logo\/image\/"},"sameAs":["https:\/\/x.com\/Lumieducation"]}]}},"jetpack_likes_enabled":true,"jetpack_sharing_enabled":true,"jetpack_shortlink":"https:\/\/wp.me\/PfMb2P-2x","jetpack-related-posts":[{"id":689,"url":"https:\/\/lumi.education\/cs\/casto-kladene-otazky\/","url_meta":{"origin":157,"position":0},"title":"FAQ","author":"JPSchellenberg","date":"22nd Kv\u011bten 2024","format":false,"excerpt":"Je m\u016fj obsah v bezplatn\u00e9 verzi Lumi Cloud soukrom\u00fd? Ano. Ve\u0161ker\u00fd obsah je ve v\u00fdchoz\u00edm nastaven\u00ed soukrom\u00fd a viditeln\u00fd pouze pro v\u00e1s. Sv\u016fj obsah m\u016f\u017eete sd\u00edlet vygenerov\u00e1n\u00edm odkazu nebo sta\u017een\u00edm obsahu. Mohu obsah H5P, kter\u00fd vytvo\u0159\u00edm, pou\u017e\u00edt komer\u010dn\u011b? Ano, m\u00e1te pln\u00e9 vlastnictv\u00ed\u2026","rel":"","context":"Podobn\u00fd p\u0159\u00edsp\u011bvek","block_context":{"text":"Podobn\u00fd p\u0159\u00edsp\u011bvek","link":""},"img":{"alt_text":"","src":"","width":0,"height":0},"classes":[]},{"id":105,"url":"https:\/\/lumi.education\/cs\/lumi-h5p-offline-desktopovy-editor\/","url_meta":{"origin":157,"position":1},"title":"Lumi H5P Desktop Editor","author":"JPSchellenberg","date":"15th Kv\u011bten 2024","format":false,"excerpt":"St\u00e1hn\u011bte si Lumi H5P Desktop Editor zdarma pro Windows St\u00e1hnout z Microsoft Storu (doporu\u010deno) St\u00e1hnout instala\u010dn\u00ed program pro jednoho u\u017eivatele (exe, x64, automatick\u00e1 aktualizace) St\u00e1hnout instala\u010dn\u00ed program pro cel\u00fd syst\u00e9m (exe, x64, bez automatick\u00e9 aktualizace) St\u00e1hnout dal\u0161\u00ed instala\u010dn\u00ed programy a architektury ze str\u00e1nky vyd\u00e1n\u00ed GitHubu Zde se dozv\u00edte, jak obej\u00edt filtr SmartScreen ve Windows. (pot\u0159ebn\u00e9 pouze pro\u2026","rel":"","context":"Podobn\u00fd p\u0159\u00edsp\u011bvek","block_context":{"text":"Podobn\u00fd p\u0159\u00edsp\u011bvek","link":""},"img":{"alt_text":"H5P Desktop Editor","src":"https:\/\/i0.wp.com\/lumi.education\/wp-content\/uploads\/2024\/05\/Screenshot-2024-05-17-at-14.57.06.png?resize=350%2C200&ssl=1","width":350,"height":200,"srcset":"https:\/\/i0.wp.com\/lumi.education\/wp-content\/uploads\/2024\/05\/Screenshot-2024-05-17-at-14.57.06.png?resize=350%2C200&ssl=1 1x, https:\/\/i0.wp.com\/lumi.education\/wp-content\/uploads\/2024\/05\/Screenshot-2024-05-17-at-14.57.06.png?resize=525%2C300&ssl=1 1.5x, https:\/\/i0.wp.com\/lumi.education\/wp-content\/uploads\/2024\/05\/Screenshot-2024-05-17-at-14.57.06.png?resize=700%2C400&ssl=1 2x"},"classes":[]},{"id":61,"url":"https:\/\/lumi.education\/cs\/","url_meta":{"origin":157,"position":2},"title":"Vstupn\u00ed str\u00e1nka","author":"JPSchellenberg","date":"16th B\u0159ezen 2023","format":false,"excerpt":"Zp\u0159\u00edstupn\u011bte vzd\u011bl\u00e1v\u00e1n\u00ed, zp\u0159\u00edstupn\u011bte ho individu\u00e1ln\u011b a zp\u0159\u00edjemn\u011bte ho. Vytv\u00e1\u0159ejte interaktivn\u00ed a poutav\u00fd obsah H5P. Zp\u0159\u00edstupn\u011bte sv\u016fj obsah student\u016fm. Lumi Desktop Editor Lumi Cloud Vytv\u00e1\u0159ejte interaktivn\u00ed obsah s H5P H5P je open-source n\u00e1stroj pro tvorbu obsahu ur\u010den\u00fd pro pedagogy a profesion\u00e1ly v oblasti e-learningu, kter\u00fd jim umo\u017e\u0148uje vytv\u00e1\u0159et, sd\u00edlet a znovu pou\u017e\u00edvat interaktivn\u00ed obsah HTML5\u2026","rel":"","context":"Podobn\u00fd p\u0159\u00edsp\u011bvek","block_context":{"text":"Podobn\u00fd p\u0159\u00edsp\u011bvek","link":""},"img":{"alt_text":"","src":"https:\/\/i0.wp.com\/lumi.education\/wp-content\/uploads\/2024\/05\/Moodle-logo.svg.png?resize=350%2C200&ssl=1","width":350,"height":200,"srcset":"https:\/\/i0.wp.com\/lumi.education\/wp-content\/uploads\/2024\/05\/Moodle-logo.svg.png?resize=350%2C200&ssl=1 1x, https:\/\/i0.wp.com\/lumi.education\/wp-content\/uploads\/2024\/05\/Moodle-logo.svg.png?resize=525%2C300&ssl=1 1.5x, https:\/\/i0.wp.com\/lumi.education\/wp-content\/uploads\/2024\/05\/Moodle-logo.svg.png?resize=700%2C400&ssl=1 2x"},"classes":[]},{"id":336,"url":"https:\/\/lumi.education\/cs\/mrak-lumi-h5p\/","url_meta":{"origin":157,"position":3},"title":"Lumi Cloud","author":"JPSchellenberg","date":"17th Kv\u011bten 2024","format":false,"excerpt":"Uspo\u0159\u00e1dejte si obsah H5P do slo\u017eek Z\u016fsta\u0148te je\u0161t\u011b l\u00e9pe organizovan\u00ed d\u00edky efektivn\u00edmu t\u0159\u00edd\u011bn\u00ed obsahu do slo\u017eek, abyste zajistili, \u017ee v\u0161e bude p\u0159esn\u011b tam, kde to pot\u0159ebujete. Nejen to, ale ka\u017edou slo\u017eku si m\u016f\u017eete tak\u00e9 p\u0159izp\u016fsobit t\u00edm, \u017ee j\u00ed p\u0159i\u0159ad\u00edte jedine\u010dn\u00e9 barevn\u00e9 sch\u00e9ma a obr\u00e1zek na pozad\u00ed, kter\u00fd mluv\u00ed\u2026","rel":"","context":"Podobn\u00fd p\u0159\u00edsp\u011bvek","block_context":{"text":"Podobn\u00fd p\u0159\u00edsp\u011bvek","link":""},"img":{"alt_text":"","src":"https:\/\/i0.wp.com\/lumi.education\/wp-content\/uploads\/2024\/05\/4e2d65b038f0843351e7c5a1be6057da.gif?resize=350%2C200&ssl=1","width":350,"height":200,"srcset":"https:\/\/i0.wp.com\/lumi.education\/wp-content\/uploads\/2024\/05\/4e2d65b038f0843351e7c5a1be6057da.gif?resize=350%2C200&ssl=1 1x, https:\/\/i0.wp.com\/lumi.education\/wp-content\/uploads\/2024\/05\/4e2d65b038f0843351e7c5a1be6057da.gif?resize=525%2C300&ssl=1 1.5x, https:\/\/i0.wp.com\/lumi.education\/wp-content\/uploads\/2024\/05\/4e2d65b038f0843351e7c5a1be6057da.gif?resize=700%2C400&ssl=1 2x, https:\/\/i0.wp.com\/lumi.education\/wp-content\/uploads\/2024\/05\/4e2d65b038f0843351e7c5a1be6057da.gif?resize=1050%2C600&ssl=1 3x, https:\/\/i0.wp.com\/lumi.education\/wp-content\/uploads\/2024\/05\/4e2d65b038f0843351e7c5a1be6057da.gif?resize=1400%2C800&ssl=1 4x"},"classes":[]}],"_links":{"self":[{"href":"https:\/\/lumi.education\/cs\/wp-json\/wp\/v2\/pages\/157","targetHints":{"allow":["GET"]}}],"collection":[{"href":"https:\/\/lumi.education\/cs\/wp-json\/wp\/v2\/pages"}],"about":[{"href":"https:\/\/lumi.education\/cs\/wp-json\/wp\/v2\/types\/page"}],"author":[{"embeddable":true,"href":"https:\/\/lumi.education\/cs\/wp-json\/wp\/v2\/users\/250656366"}],"replies":[{"embeddable":true,"href":"https:\/\/lumi.education\/cs\/wp-json\/wp\/v2\/comments?post=157"}],"version-history":[{"count":4,"href":"https:\/\/lumi.education\/cs\/wp-json\/wp\/v2\/pages\/157\/revisions"}],"predecessor-version":[{"id":161,"href":"https:\/\/lumi.education\/cs\/wp-json\/wp\/v2\/pages\/157\/revisions\/161"}],"wp:attachment":[{"href":"https:\/\/lumi.education\/cs\/wp-json\/wp\/v2\/media?parent=157"}],"curies":[{"name":"wp","href":"https:\/\/api.w.org\/{rel}","templated":true}]}}