{"id":701,"date":"2024-05-22T16:54:36","date_gmt":"2024-05-22T14:54:36","guid":{"rendered":"https:\/\/lumi.education\/?page_id=701"},"modified":"2024-08-23T09:38:08","modified_gmt":"2024-08-23T07:38:08","slug":"imprint","status":"publish","type":"page","link":"https:\/\/lumi.education\/da\/aftryk\/","title":{"rendered":"Aftryk"},"content":{"rendered":"<div data-elementor-type=\"wp-page\" data-elementor-id=\"701\" class=\"elementor elementor-701\">\n\t\t\t\t<div class=\"elementor-element elementor-element-eff4cde e-flex e-con-boxed e-con e-parent\" data-id=\"eff4cde\" data-element_type=\"container\" data-e-type=\"container\">\n\t\t\t\t\t<div class=\"e-con-inner\">\n\t\t\t\t<div class=\"elementor-element elementor-element-7e45bd6 elementor-widget elementor-widget-text-editor\" data-id=\"7e45bd6\" data-element_type=\"widget\" data-e-type=\"widget\" data-widget_type=\"text-editor.default\">\n\t\t\t\t<div class=\"elementor-widget-container\">\n\t\t\t\t\t\t\t\t\t<p>Lumi Education UG (haftungsbeschr\u00e4nkt)<\/p>\n<p>B\u00fcckenstra\u00dfe 8, 38312 Ohrum, Tyskland<\/p>\n<div>\n<div>&nbsp;<\/div>\n<div>Tilmeld dig:<br>Eintragung im Handelsregister.<br>Registergericht: Braunschweig<br>Registernummer: HRB 211280<\/div>\n<div>&nbsp;<\/div>\n<div>Umsatzsteuer Identifikations-Nr. gem\u00e4\u00df \u00a727a Umsatzsteuergesetz: DE369252142<\/div>\n<\/div>\n<div>&nbsp;<\/div>\n<div>\n<div>\n<div>Streitbeilegung:<\/div>\n<div>Wir sind verpflichtet, Sie dar\u00fcber zu informieren, dass im Hinblick auf die sog. Online-Streitbeilegung seitens der Europ\u00e4ischen Kommission ene entsprechende Online-Plattform bereitgehalten wird. Denne platform bruger f\u00f8lgende Link abrufen: <a href=\"https:\/\/ec.europa.eu\/consumers\/odr\">https:\/\/ec.europa.eu\/consumers\/odr<\/a>.<\/div>\n<p><\/p>\n<div>Wir sind weder bereit noch verpflichtet, an Streitbeilegungsverfahren vor einer<\/div>\n<div>Verbraucherschlichtungsstelle teilzunehmen.<\/div>\n<\/div>\n<\/div>\t\t\t\t\t\t\t\t<\/div>\n\t\t\t\t<\/div>\n\t\t\t\t\t<\/div>\n\t\t\t\t<\/div>\n\t\t\t\t<\/div>","protected":false},"excerpt":{"rendered":"<p>Lumi Education UG (haftungsbeschr\u00e4nkt) B\u00fcckenstra\u00dfe 8, 38312 Ohrum, Germany &nbsp; Registereintrag:Eintragung im Handelsregister.Registergericht: BraunschweigRegisternummer: HRB 211280 &nbsp; Umsatzsteuer Identifikations-Nr. gem\u00e4\u00df \u00a727a Umsatzsteuergesetz: [&hellip;]<\/p>\n","protected":false},"author":250656366,"featured_media":0,"parent":0,"menu_order":0,"comment_status":"closed","ping_status":"closed","template":"","meta":{"footnotes":""},"class_list":["post-701","page","type-page","status-publish","hentry"],"yoast_head":"<!-- This site is optimized with the Yoast SEO Premium plugin v22.7 (Yoast SEO v27.6) - https:\/\/yoast.com\/product\/yoast-seo-premium-wordpress\/ -->\n<title>Imprint - Lumi Education<\/title>\n<meta name=\"robots\" content=\"index, follow, max-snippet:-1, max-image-preview:large, max-video-preview:-1\" \/>\n<link rel=\"canonical\" href=\"https:\/\/lumi.education\/da\/aftryk\/\" \/>\n<meta property=\"og:locale\" content=\"da_DK\" \/>\n<meta property=\"og:type\" content=\"article\" \/>\n<meta property=\"og:title\" content=\"Imprint\" \/>\n<meta property=\"og:description\" content=\"Lumi Education UG (haftungsbeschr\u00e4nkt) B\u00fcckenstra\u00dfe 8, 38312 Ohrum, Germany &nbsp; Registereintrag:Eintragung im Handelsregister.Registergericht: BraunschweigRegisternummer: HRB 211280 &nbsp; Umsatzsteuer Identifikations-Nr. gem\u00e4\u00df \u00a727a Umsatzsteuergesetz: [&hellip;]\" \/>\n<meta property=\"og:url\" content=\"https:\/\/lumi.education\/da\/aftryk\/\" \/>\n<meta property=\"og:site_name\" content=\"Lumi Education\" \/>\n<meta property=\"article:modified_time\" content=\"2024-08-23T07:38:08+00:00\" \/>\n<meta name=\"twitter:card\" content=\"summary_large_image\" \/>\n<meta name=\"twitter:site\" content=\"@Lumieducation\" \/>\n<meta name=\"twitter:label1\" content=\"Estimeret l\u00e6setid\" \/>\n\t<meta name=\"twitter:data1\" content=\"1 minut\" \/>\n<script type=\"application\/ld+json\" class=\"yoast-schema-graph\">{\"@context\":\"https:\\\/\\\/schema.org\",\"@graph\":[{\"@type\":\"WebPage\",\"@id\":\"https:\\\/\\\/lumi.education\\\/imprint\\\/\",\"url\":\"https:\\\/\\\/lumi.education\\\/imprint\\\/\",\"name\":\"Imprint - Lumi Education\",\"isPartOf\":{\"@id\":\"https:\\\/\\\/lumi.education\\\/en\\\/#website\"},\"datePublished\":\"2024-05-22T14:54:36+00:00\",\"dateModified\":\"2024-08-23T07:38:08+00:00\",\"breadcrumb\":{\"@id\":\"https:\\\/\\\/lumi.education\\\/imprint\\\/#breadcrumb\"},\"inLanguage\":\"da-DK\",\"potentialAction\":[{\"@type\":\"ReadAction\",\"target\":[\"https:\\\/\\\/lumi.education\\\/imprint\\\/\"]}]},{\"@type\":\"BreadcrumbList\",\"@id\":\"https:\\\/\\\/lumi.education\\\/imprint\\\/#breadcrumb\",\"itemListElement\":[{\"@type\":\"ListItem\",\"position\":1,\"name\":\"Home\",\"item\":\"https:\\\/\\\/lumi.education\\\/\"},{\"@type\":\"ListItem\",\"position\":2,\"name\":\"Imprint\"}]},{\"@type\":\"WebSite\",\"@id\":\"https:\\\/\\\/lumi.education\\\/en\\\/#website\",\"url\":\"https:\\\/\\\/lumi.education\\\/en\\\/\",\"name\":\"Lumi Education\",\"description\":\"Make education accessible, individual and exciting.\",\"publisher\":{\"@id\":\"https:\\\/\\\/lumi.education\\\/en\\\/#organization\"},\"potentialAction\":[{\"@type\":\"SearchAction\",\"target\":{\"@type\":\"EntryPoint\",\"urlTemplate\":\"https:\\\/\\\/lumi.education\\\/en\\\/?s={search_term_string}\"},\"query-input\":{\"@type\":\"PropertyValueSpecification\",\"valueRequired\":true,\"valueName\":\"search_term_string\"}}],\"inLanguage\":\"da-DK\"},{\"@type\":\"Organization\",\"@id\":\"https:\\\/\\\/lumi.education\\\/en\\\/#organization\",\"name\":\"Lumi Education\",\"url\":\"https:\\\/\\\/lumi.education\\\/en\\\/\",\"logo\":{\"@type\":\"ImageObject\",\"inLanguage\":\"da-DK\",\"@id\":\"https:\\\/\\\/lumi.education\\\/en\\\/#\\\/schema\\\/logo\\\/image\\\/\",\"url\":\"https:\\\/\\\/i0.wp.com\\\/lumi.education\\\/wp-content\\\/uploads\\\/2024\\\/05\\\/mstile-310x310-1.png?fit=310%2C310&ssl=1\",\"contentUrl\":\"https:\\\/\\\/i0.wp.com\\\/lumi.education\\\/wp-content\\\/uploads\\\/2024\\\/05\\\/mstile-310x310-1.png?fit=310%2C310&ssl=1\",\"width\":310,\"height\":310,\"caption\":\"Lumi Education\"},\"image\":{\"@id\":\"https:\\\/\\\/lumi.education\\\/en\\\/#\\\/schema\\\/logo\\\/image\\\/\"},\"sameAs\":[\"https:\\\/\\\/x.com\\\/Lumieducation\"]}]}<\/script>\n<!-- \/ Yoast SEO Premium plugin. -->","yoast_head_json":{"title":"Aftryk - Lumi Education","robots":{"index":"index","follow":"follow","max-snippet":"max-snippet:-1","max-image-preview":"max-image-preview:large","max-video-preview":"max-video-preview:-1"},"canonical":"https:\/\/lumi.education\/da\/aftryk\/","og_locale":"da_DK","og_type":"article","og_title":"Imprint","og_description":"Lumi Education UG (haftungsbeschr\u00e4nkt) B\u00fcckenstra\u00dfe 8, 38312 Ohrum, Germany &nbsp; Registereintrag:Eintragung im Handelsregister.Registergericht: BraunschweigRegisternummer: HRB 211280 &nbsp; Umsatzsteuer Identifikations-Nr. gem\u00e4\u00df \u00a727a Umsatzsteuergesetz: [&hellip;]","og_url":"https:\/\/lumi.education\/da\/aftryk\/","og_site_name":"Lumi Education","article_modified_time":"2024-08-23T07:38:08+00:00","twitter_card":"summary_large_image","twitter_site":"@Lumieducation","twitter_misc":{"Estimeret l\u00e6setid":"1 minut"},"schema":{"@context":"https:\/\/schema.org","@graph":[{"@type":"WebPage","@id":"https:\/\/lumi.education\/imprint\/","url":"https:\/\/lumi.education\/imprint\/","name":"Aftryk - Lumi Education","isPartOf":{"@id":"https:\/\/lumi.education\/en\/#website"},"datePublished":"2024-05-22T14:54:36+00:00","dateModified":"2024-08-23T07:38:08+00:00","breadcrumb":{"@id":"https:\/\/lumi.education\/imprint\/#breadcrumb"},"inLanguage":"da-DK","potentialAction":[{"@type":"ReadAction","target":["https:\/\/lumi.education\/imprint\/"]}]},{"@type":"BreadcrumbList","@id":"https:\/\/lumi.education\/imprint\/#breadcrumb","itemListElement":[{"@type":"ListItem","position":1,"name":"Home","item":"https:\/\/lumi.education\/"},{"@type":"ListItem","position":2,"name":"Imprint"}]},{"@type":"WebSite","@id":"https:\/\/lumi.education\/en\/#website","url":"https:\/\/lumi.education\/en\/","name":"Lumi Uddannelse","description":"G\u00f8r uddannelse tilg\u00e6ngelig, individuel og sp\u00e6ndende.","publisher":{"@id":"https:\/\/lumi.education\/en\/#organization"},"potentialAction":[{"@type":"SearchAction","target":{"@type":"EntryPoint","urlTemplate":"https:\/\/lumi.education\/en\/?s={search_term_string}"},"query-input":{"@type":"PropertyValueSpecification","valueRequired":true,"valueName":"search_term_string"}}],"inLanguage":"da-DK"},{"@type":"Organization","@id":"https:\/\/lumi.education\/en\/#organization","name":"Lumi Uddannelse","url":"https:\/\/lumi.education\/en\/","logo":{"@type":"ImageObject","inLanguage":"da-DK","@id":"https:\/\/lumi.education\/en\/#\/schema\/logo\/image\/","url":"https:\/\/i0.wp.com\/lumi.education\/wp-content\/uploads\/2024\/05\/mstile-310x310-1.png?fit=310%2C310&ssl=1","contentUrl":"https:\/\/i0.wp.com\/lumi.education\/wp-content\/uploads\/2024\/05\/mstile-310x310-1.png?fit=310%2C310&ssl=1","width":310,"height":310,"caption":"Lumi Education"},"image":{"@id":"https:\/\/lumi.education\/en\/#\/schema\/logo\/image\/"},"sameAs":["https:\/\/x.com\/Lumieducation"]}]}},"jetpack_likes_enabled":true,"jetpack_sharing_enabled":true,"jetpack_shortlink":"https:\/\/wp.me\/PfMb2P-bj","jetpack-related-posts":[{"id":105,"url":"https:\/\/lumi.education\/da\/lumi-h5p-offline-desktop-editor\/","url_meta":{"origin":701,"position":0},"title":"Lumi H5P Desktop Editor","author":"JPSchellenberg","date":"15th maj 2024","format":false,"excerpt":"Download Lumi H5P Desktop Editor gratis til Windows. Download fra Microsoft Store (anbefales). Download installationsprogram til enkeltbrugere (exe, x64, automatisk opdatering). Download systemomfattende installationsprogram (exe, x64, ingen automatisk opdatering). Download yderligere installationsprogrammer og arkitekturer fra GitHub-udgivelsessiden. L\u00e6r her, hvordan du omg\u00e5r Windows SmartScreen-filteret. (kun n\u00f8dvendigt for\u2026)","rel":"","context":"Similar post","block_context":{"text":"Similar post","link":""},"img":{"alt_text":"H5P Desktop Editor","src":"https:\/\/i0.wp.com\/lumi.education\/wp-content\/uploads\/2024\/05\/Screenshot-2024-05-17-at-14.57.06.png?resize=350%2C200&ssl=1","width":350,"height":200,"srcset":"https:\/\/i0.wp.com\/lumi.education\/wp-content\/uploads\/2024\/05\/Screenshot-2024-05-17-at-14.57.06.png?resize=350%2C200&ssl=1 1x, https:\/\/i0.wp.com\/lumi.education\/wp-content\/uploads\/2024\/05\/Screenshot-2024-05-17-at-14.57.06.png?resize=525%2C300&ssl=1 1.5x, https:\/\/i0.wp.com\/lumi.education\/wp-content\/uploads\/2024\/05\/Screenshot-2024-05-17-at-14.57.06.png?resize=700%2C400&ssl=1 2x"},"classes":[]}],"_links":{"self":[{"href":"https:\/\/lumi.education\/da\/wp-json\/wp\/v2\/pages\/701","targetHints":{"allow":["GET"]}}],"collection":[{"href":"https:\/\/lumi.education\/da\/wp-json\/wp\/v2\/pages"}],"about":[{"href":"https:\/\/lumi.education\/da\/wp-json\/wp\/v2\/types\/page"}],"author":[{"embeddable":true,"href":"https:\/\/lumi.education\/da\/wp-json\/wp\/v2\/users\/250656366"}],"replies":[{"embeddable":true,"href":"https:\/\/lumi.education\/da\/wp-json\/wp\/v2\/comments?post=701"}],"version-history":[{"count":8,"href":"https:\/\/lumi.education\/da\/wp-json\/wp\/v2\/pages\/701\/revisions"}],"predecessor-version":[{"id":774,"href":"https:\/\/lumi.education\/da\/wp-json\/wp\/v2\/pages\/701\/revisions\/774"}],"wp:attachment":[{"href":"https:\/\/lumi.education\/da\/wp-json\/wp\/v2\/media?parent=701"}],"curies":[{"name":"wp","href":"https:\/\/api.w.org\/{rel}","templated":true}]}}