{"id":177,"date":"2024-05-16T00:25:21","date_gmt":"2024-05-15T22:25:21","guid":{"rendered":"https:\/\/lumi.education\/?page_id=177"},"modified":"2024-05-16T00:25:52","modified_gmt":"2024-05-15T22:25:52","slug":"data-subject-access-request","status":"publish","type":"page","link":"https:\/\/lumi.education\/fi\/rekisteroidyn-paasypyynto\/","title":{"rendered":"Tietojen kohteen k\u00e4ytt\u00f6oikeuspyynt\u00f6"},"content":{"rendered":"<div data-elementor-type=\"wp-page\" data-elementor-id=\"177\" class=\"elementor elementor-177\">\n\t\t\t\t<div class=\"elementor-element elementor-element-64c0bd4 e-flex e-con-boxed e-con e-parent\" data-id=\"64c0bd4\" data-element_type=\"container\" data-e-type=\"container\">\n\t\t\t\t\t<div class=\"e-con-inner\">\n\t\t\t\t<div class=\"elementor-element elementor-element-5b8e21d elementor-widget elementor-widget-html\" data-id=\"5b8e21d\" data-element_type=\"widget\" data-e-type=\"widget\" data-widget_type=\"html.default\">\n\t\t\t\t<div class=\"elementor-widget-container\">\n\t\t\t\t\t<iframe\n  src=\"https:\/\/app.termly.io\/notify\/abc47dbd-9b8d-4b48-91b6-5f363259988c\"\n>\n<\/iframe>\t\t\t\t<\/div>\n\t\t\t\t<\/div>\n\t\t\t\t\t<\/div>\n\t\t\t\t<\/div>\n\t\t\t\t<\/div>","protected":false},"excerpt":{"rendered":"","protected":false},"author":250656366,"featured_media":0,"parent":0,"menu_order":0,"comment_status":"closed","ping_status":"closed","template":"","meta":{"jetpack_post_was_ever_published":false,"footnotes":""},"class_list":["post-177","page","type-page","status-publish","hentry"],"yoast_head":"<!-- This site is optimized with the Yoast SEO Premium plugin v22.7 (Yoast SEO v27.2) - https:\/\/yoast.com\/product\/yoast-seo-premium-wordpress\/ -->\n<title>Data Subject Access Request - Lumi Education<\/title>\n<meta name=\"robots\" content=\"index, follow, max-snippet:-1, max-image-preview:large, max-video-preview:-1\" \/>\n<link rel=\"canonical\" href=\"https:\/\/lumi.education\/fi\/rekisteroidyn-paasypyynto\/\" \/>\n<meta property=\"og:locale\" content=\"fi_FI\" \/>\n<meta property=\"og:type\" content=\"article\" \/>\n<meta property=\"og:title\" content=\"Data Subject Access Request\" \/>\n<meta property=\"og:url\" content=\"https:\/\/lumi.education\/fi\/rekisteroidyn-paasypyynto\/\" \/>\n<meta property=\"og:site_name\" content=\"Lumi Education\" \/>\n<meta property=\"article:modified_time\" content=\"2024-05-15T22:25:52+00:00\" \/>\n<meta name=\"twitter:card\" content=\"summary_large_image\" \/>\n<meta name=\"twitter:site\" content=\"@Lumieducation\" \/>\n<script type=\"application\/ld+json\" class=\"yoast-schema-graph\">{\"@context\":\"https:\/\/schema.org\",\"@graph\":[{\"@type\":\"WebPage\",\"@id\":\"https:\/\/lumi.education\/data-subject-access-request\/\",\"url\":\"https:\/\/lumi.education\/data-subject-access-request\/\",\"name\":\"Data Subject Access Request - Lumi Education\",\"isPartOf\":{\"@id\":\"https:\/\/lumi.education\/en\/#website\"},\"datePublished\":\"2024-05-15T22:25:21+00:00\",\"dateModified\":\"2024-05-15T22:25:52+00:00\",\"breadcrumb\":{\"@id\":\"https:\/\/lumi.education\/data-subject-access-request\/#breadcrumb\"},\"inLanguage\":\"fi\",\"potentialAction\":[{\"@type\":\"ReadAction\",\"target\":[\"https:\/\/lumi.education\/data-subject-access-request\/\"]}]},{\"@type\":\"BreadcrumbList\",\"@id\":\"https:\/\/lumi.education\/data-subject-access-request\/#breadcrumb\",\"itemListElement\":[{\"@type\":\"ListItem\",\"position\":1,\"name\":\"Home\",\"item\":\"https:\/\/lumi.education\/\"},{\"@type\":\"ListItem\",\"position\":2,\"name\":\"Data Subject Access Request\"}]},{\"@type\":\"WebSite\",\"@id\":\"https:\/\/lumi.education\/en\/#website\",\"url\":\"https:\/\/lumi.education\/en\/\",\"name\":\"Lumi Education\",\"description\":\"Make education accessible, individual and exciting.\",\"publisher\":{\"@id\":\"https:\/\/lumi.education\/en\/#organization\"},\"potentialAction\":[{\"@type\":\"SearchAction\",\"target\":{\"@type\":\"EntryPoint\",\"urlTemplate\":\"https:\/\/lumi.education\/en\/?s={search_term_string}\"},\"query-input\":{\"@type\":\"PropertyValueSpecification\",\"valueRequired\":true,\"valueName\":\"search_term_string\"}}],\"inLanguage\":\"fi\"},{\"@type\":\"Organization\",\"@id\":\"https:\/\/lumi.education\/en\/#organization\",\"name\":\"Lumi Education\",\"url\":\"https:\/\/lumi.education\/en\/\",\"logo\":{\"@type\":\"ImageObject\",\"inLanguage\":\"fi\",\"@id\":\"https:\/\/lumi.education\/en\/#\/schema\/logo\/image\/\",\"url\":\"https:\/\/i0.wp.com\/lumi.education\/wp-content\/uploads\/2024\/05\/mstile-310x310-1.png?fit=310%2C310&ssl=1\",\"contentUrl\":\"https:\/\/i0.wp.com\/lumi.education\/wp-content\/uploads\/2024\/05\/mstile-310x310-1.png?fit=310%2C310&ssl=1\",\"width\":310,\"height\":310,\"caption\":\"Lumi Education\"},\"image\":{\"@id\":\"https:\/\/lumi.education\/en\/#\/schema\/logo\/image\/\"},\"sameAs\":[\"https:\/\/x.com\/Lumieducation\"]}]}<\/script>\n<!-- \/ Yoast SEO Premium plugin. -->","yoast_head_json":{"title":"Rekister\u00f6idyn k\u00e4ytt\u00f6oikeuspyynt\u00f6 - Lumi Education","robots":{"index":"index","follow":"follow","max-snippet":"max-snippet:-1","max-image-preview":"max-image-preview:large","max-video-preview":"max-video-preview:-1"},"canonical":"https:\/\/lumi.education\/fi\/rekisteroidyn-paasypyynto\/","og_locale":"fi_FI","og_type":"article","og_title":"Data Subject Access Request","og_url":"https:\/\/lumi.education\/fi\/rekisteroidyn-paasypyynto\/","og_site_name":"Lumi Education","article_modified_time":"2024-05-15T22:25:52+00:00","twitter_card":"summary_large_image","twitter_site":"@Lumieducation","schema":{"@context":"https:\/\/schema.org","@graph":[{"@type":"WebPage","@id":"https:\/\/lumi.education\/data-subject-access-request\/","url":"https:\/\/lumi.education\/data-subject-access-request\/","name":"Rekister\u00f6idyn k\u00e4ytt\u00f6oikeuspyynt\u00f6 - Lumi Education","isPartOf":{"@id":"https:\/\/lumi.education\/en\/#website"},"datePublished":"2024-05-15T22:25:21+00:00","dateModified":"2024-05-15T22:25:52+00:00","breadcrumb":{"@id":"https:\/\/lumi.education\/data-subject-access-request\/#breadcrumb"},"inLanguage":"fi","potentialAction":[{"@type":"ReadAction","target":["https:\/\/lumi.education\/data-subject-access-request\/"]}]},{"@type":"BreadcrumbList","@id":"https:\/\/lumi.education\/data-subject-access-request\/#breadcrumb","itemListElement":[{"@type":"ListItem","position":1,"name":"Home","item":"https:\/\/lumi.education\/"},{"@type":"ListItem","position":2,"name":"Data Subject Access Request"}]},{"@type":"WebSite","@id":"https:\/\/lumi.education\/en\/#website","url":"https:\/\/lumi.education\/en\/","name":"Lumi Koulutus","description":"Tee koulutuksesta saavutettavaa, yksil\u00f6llist\u00e4 ja j\u00e4nnitt\u00e4v\u00e4\u00e4.","publisher":{"@id":"https:\/\/lumi.education\/en\/#organization"},"potentialAction":[{"@type":"SearchAction","target":{"@type":"EntryPoint","urlTemplate":"https:\/\/lumi.education\/en\/?s={search_term_string}"},"query-input":{"@type":"PropertyValueSpecification","valueRequired":true,"valueName":"search_term_string"}}],"inLanguage":"fi"},{"@type":"Organization","@id":"https:\/\/lumi.education\/en\/#organization","name":"Lumi Koulutus","url":"https:\/\/lumi.education\/en\/","logo":{"@type":"ImageObject","inLanguage":"fi","@id":"https:\/\/lumi.education\/en\/#\/schema\/logo\/image\/","url":"https:\/\/i0.wp.com\/lumi.education\/wp-content\/uploads\/2024\/05\/mstile-310x310-1.png?fit=310%2C310&ssl=1","contentUrl":"https:\/\/i0.wp.com\/lumi.education\/wp-content\/uploads\/2024\/05\/mstile-310x310-1.png?fit=310%2C310&ssl=1","width":310,"height":310,"caption":"Lumi Education"},"image":{"@id":"https:\/\/lumi.education\/en\/#\/schema\/logo\/image\/"},"sameAs":["https:\/\/x.com\/Lumieducation"]}]}},"jetpack_likes_enabled":true,"jetpack_sharing_enabled":true,"jetpack_shortlink":"https:\/\/wp.me\/PfMb2P-2R","jetpack-related-posts":[{"id":689,"url":"https:\/\/lumi.education\/fi\/faq\/","url_meta":{"origin":177,"position":0},"title":"FAQ","author":"JPSchellenberg","date":"22nd toukokuu 2024","format":false,"excerpt":"Is my content private in the free version of Lumi Cloud? Yes. All content is private by default and only visible to you. You can share your content by generating a link or downloading the content. Can I use the H5P content I create commercially? Yes, you have full ownership\u2026","rel":"","context":"Samankaltainen artikkeli","block_context":{"text":"Samankaltainen artikkeli","link":""},"img":{"alt_text":"","src":"","width":0,"height":0},"classes":[]},{"id":105,"url":"https:\/\/lumi.education\/fi\/lumi-h5p-offline-tyopoytaeditori\/","url_meta":{"origin":177,"position":1},"title":"Lumi H5P Desktop Editor","author":"JPSchellenberg","date":"15th toukokuu 2024","format":false,"excerpt":"Download the Lumi H5P Desktop Editorfor free Windows Download from the Microsoft Store (recommended) Download installer for single user (exe, x64, auto-update) Download system-wide installer (exe, x64, no auto-update) Download further installers and architectures from the GitHub release page Learn here how to bypass Windows SmartScreen filter. (only needed for\u2026","rel":"","context":"Samankaltainen artikkeli","block_context":{"text":"Samankaltainen artikkeli","link":""},"img":{"alt_text":"H5P Desktop Editor","src":"https:\/\/i0.wp.com\/lumi.education\/wp-content\/uploads\/2024\/05\/Screenshot-2024-05-17-at-14.57.06.png?resize=350%2C200&ssl=1","width":350,"height":200,"srcset":"https:\/\/i0.wp.com\/lumi.education\/wp-content\/uploads\/2024\/05\/Screenshot-2024-05-17-at-14.57.06.png?resize=350%2C200&ssl=1 1x, https:\/\/i0.wp.com\/lumi.education\/wp-content\/uploads\/2024\/05\/Screenshot-2024-05-17-at-14.57.06.png?resize=525%2C300&ssl=1 1.5x, https:\/\/i0.wp.com\/lumi.education\/wp-content\/uploads\/2024\/05\/Screenshot-2024-05-17-at-14.57.06.png?resize=700%2C400&ssl=1 2x"},"classes":[]},{"id":61,"url":"https:\/\/lumi.education\/fi\/","url_meta":{"origin":177,"position":2},"title":"Aloitussivu","author":"JPSchellenberg","date":"16th maaliskuu 2023","format":false,"excerpt":"Tee koulutuksesta saavutettavaa, yksil\u00f6llist\u00e4 ja j\u00e4nnitt\u00e4v\u00e4\u00e4. Luo interaktiivista ja mukaansatempaavaa H5P-sis\u00e4lt\u00f6\u00e4. Tee sis\u00e4ll\u00f6st\u00e4si oppijoidesi saatavilla. Lumi Desktop Editor Lumi Cloud Luo interaktiivista sis\u00e4lt\u00f6\u00e4 H5P:ll\u00e4 H5P on avoimen l\u00e4hdekoodin sis\u00e4ll\u00f6ntuotantoty\u00f6kalu, joka on suunniteltu kouluttajille ja verkko-oppimisen ammattilaisille interaktiivisen HTML5-sis\u00e4ll\u00f6n luomiseen, jakamiseen ja uudelleenk\u00e4ytt\u00f6\u00f6n.\u2026","rel":"","context":"Samankaltainen artikkeli","block_context":{"text":"Samankaltainen artikkeli","link":""},"img":{"alt_text":"","src":"https:\/\/i0.wp.com\/lumi.education\/wp-content\/uploads\/2024\/05\/Moodle-logo.svg.png?resize=350%2C200&ssl=1","width":350,"height":200,"srcset":"https:\/\/i0.wp.com\/lumi.education\/wp-content\/uploads\/2024\/05\/Moodle-logo.svg.png?resize=350%2C200&ssl=1 1x, https:\/\/i0.wp.com\/lumi.education\/wp-content\/uploads\/2024\/05\/Moodle-logo.svg.png?resize=525%2C300&ssl=1 1.5x, https:\/\/i0.wp.com\/lumi.education\/wp-content\/uploads\/2024\/05\/Moodle-logo.svg.png?resize=700%2C400&ssl=1 2x"},"classes":[]},{"id":336,"url":"https:\/\/lumi.education\/fi\/lumi-h5p-pilvi\/","url_meta":{"origin":177,"position":3},"title":"Lumi pilvi","author":"JPSchellenberg","date":"17th toukokuu 2024","format":false,"excerpt":"Organise your H5P content in folders Stay even more organized by efficiently sorting your content into folders, ensuring that everything is right where you need it to be. Not only that, you can also personalize each folder by giving it a unique color scheme and a background image that speaks\u2026","rel":"","context":"Samankaltainen artikkeli","block_context":{"text":"Samankaltainen artikkeli","link":""},"img":{"alt_text":"","src":"https:\/\/i0.wp.com\/lumi.education\/wp-content\/uploads\/2024\/05\/4e2d65b038f0843351e7c5a1be6057da.gif?resize=350%2C200&ssl=1","width":350,"height":200,"srcset":"https:\/\/i0.wp.com\/lumi.education\/wp-content\/uploads\/2024\/05\/4e2d65b038f0843351e7c5a1be6057da.gif?resize=350%2C200&ssl=1 1x, https:\/\/i0.wp.com\/lumi.education\/wp-content\/uploads\/2024\/05\/4e2d65b038f0843351e7c5a1be6057da.gif?resize=525%2C300&ssl=1 1.5x, https:\/\/i0.wp.com\/lumi.education\/wp-content\/uploads\/2024\/05\/4e2d65b038f0843351e7c5a1be6057da.gif?resize=700%2C400&ssl=1 2x, https:\/\/i0.wp.com\/lumi.education\/wp-content\/uploads\/2024\/05\/4e2d65b038f0843351e7c5a1be6057da.gif?resize=1050%2C600&ssl=1 3x, https:\/\/i0.wp.com\/lumi.education\/wp-content\/uploads\/2024\/05\/4e2d65b038f0843351e7c5a1be6057da.gif?resize=1400%2C800&ssl=1 4x"},"classes":[]}],"_links":{"self":[{"href":"https:\/\/lumi.education\/fi\/wp-json\/wp\/v2\/pages\/177","targetHints":{"allow":["GET"]}}],"collection":[{"href":"https:\/\/lumi.education\/fi\/wp-json\/wp\/v2\/pages"}],"about":[{"href":"https:\/\/lumi.education\/fi\/wp-json\/wp\/v2\/types\/page"}],"author":[{"embeddable":true,"href":"https:\/\/lumi.education\/fi\/wp-json\/wp\/v2\/users\/250656366"}],"replies":[{"embeddable":true,"href":"https:\/\/lumi.education\/fi\/wp-json\/wp\/v2\/comments?post=177"}],"version-history":[{"count":4,"href":"https:\/\/lumi.education\/fi\/wp-json\/wp\/v2\/pages\/177\/revisions"}],"predecessor-version":[{"id":181,"href":"https:\/\/lumi.education\/fi\/wp-json\/wp\/v2\/pages\/177\/revisions\/181"}],"wp:attachment":[{"href":"https:\/\/lumi.education\/fi\/wp-json\/wp\/v2\/media?parent=177"}],"curies":[{"name":"wp","href":"https:\/\/api.w.org\/{rel}","templated":true}]}}