{"id":157,"date":"2024-05-16T00:08:42","date_gmt":"2024-05-15T22:08:42","guid":{"rendered":"https:\/\/lumi.education\/?page_id=157"},"modified":"2024-05-16T00:09:19","modified_gmt":"2024-05-15T22:09:19","slug":"acceptable-use-policy","status":"publish","type":"page","link":"https:\/\/lumi.education\/pl\/przyjete-zasady-uzytkowania\/","title":{"rendered":"Przyj\u0119te zasady u\u017cytkowania"},"content":{"rendered":"\t\t<div data-elementor-type=\"wp-page\" data-elementor-id=\"157\" class=\"elementor elementor-157\">\n\t\t\t\t<div class=\"elementor-element elementor-element-b2d226f e-flex e-con-boxed e-con e-parent\" data-id=\"b2d226f\" data-element_type=\"container\" data-e-type=\"container\">\n\t\t\t\t\t<div class=\"e-con-inner\">\n\t\t\t\t<div class=\"elementor-element elementor-element-e73301e elementor-widget elementor-widget-html\" data-id=\"e73301e\" data-element_type=\"widget\" data-e-type=\"widget\" data-widget_type=\"html.default\">\n\t\t\t\t<div class=\"elementor-widget-container\">\n\t\t\t\t\t<div name=\"termly-embed\" data-id=\"56b2b1a2-3168-404a-ae03-7dea191a95b4\"><\/div>\n<script type=\"text\/javascript\">(function(d, s, id) {\n  var js, tjs = d.getElementsByTagName(s)[0];\n  if (d.getElementById(id)) return;\n  js = d.createElement(s); js.id = id;\n  js.src = \"https:\/\/app.termly.io\/embed-policy.min.js\";\n  tjs.parentNode.insertBefore(js, tjs);\n}(document, 'script', 'termly-jssdk'));<\/script>\t\t\t\t<\/div>\n\t\t\t\t<\/div>\n\t\t\t\t\t<\/div>\n\t\t\t\t<\/div>\n\t\t\t\t<\/div>\n\t\t","protected":false},"excerpt":{"rendered":"","protected":false},"author":250656366,"featured_media":0,"parent":0,"menu_order":0,"comment_status":"closed","ping_status":"closed","template":"","meta":{"footnotes":""},"class_list":["post-157","page","type-page","status-publish","hentry"],"yoast_head":"<!-- This site is optimized with the Yoast SEO Premium plugin v22.7 (Yoast SEO v27.6) - https:\/\/yoast.com\/product\/yoast-seo-premium-wordpress\/ -->\n<title>Acceptable Use Policy - Lumi Education<\/title>\n<meta name=\"robots\" content=\"index, follow, max-snippet:-1, max-image-preview:large, max-video-preview:-1\" \/>\n<link rel=\"canonical\" href=\"https:\/\/lumi.education\/pl\/przyjete-zasady-uzytkowania\/\" \/>\n<meta property=\"og:locale\" content=\"pl_PL\" \/>\n<meta property=\"og:type\" content=\"article\" \/>\n<meta property=\"og:title\" content=\"Acceptable Use Policy\" \/>\n<meta property=\"og:url\" content=\"https:\/\/lumi.education\/pl\/przyjete-zasady-uzytkowania\/\" \/>\n<meta property=\"og:site_name\" content=\"Lumi Education\" \/>\n<meta property=\"article:modified_time\" content=\"2024-05-15T22:09:19+00:00\" \/>\n<meta name=\"twitter:card\" content=\"summary_large_image\" \/>\n<meta name=\"twitter:site\" content=\"@Lumieducation\" \/>\n<script type=\"application\/ld+json\" class=\"yoast-schema-graph\">{\"@context\":\"https:\\\/\\\/schema.org\",\"@graph\":[{\"@type\":\"WebPage\",\"@id\":\"https:\\\/\\\/lumi.education\\\/acceptable-use-policy\\\/\",\"url\":\"https:\\\/\\\/lumi.education\\\/acceptable-use-policy\\\/\",\"name\":\"Acceptable Use Policy - Lumi Education\",\"isPartOf\":{\"@id\":\"https:\\\/\\\/lumi.education\\\/en\\\/#website\"},\"datePublished\":\"2024-05-15T22:08:42+00:00\",\"dateModified\":\"2024-05-15T22:09:19+00:00\",\"breadcrumb\":{\"@id\":\"https:\\\/\\\/lumi.education\\\/acceptable-use-policy\\\/#breadcrumb\"},\"inLanguage\":\"pl-PL\",\"potentialAction\":[{\"@type\":\"ReadAction\",\"target\":[\"https:\\\/\\\/lumi.education\\\/acceptable-use-policy\\\/\"]}]},{\"@type\":\"BreadcrumbList\",\"@id\":\"https:\\\/\\\/lumi.education\\\/acceptable-use-policy\\\/#breadcrumb\",\"itemListElement\":[{\"@type\":\"ListItem\",\"position\":1,\"name\":\"Home\",\"item\":\"https:\\\/\\\/lumi.education\\\/\"},{\"@type\":\"ListItem\",\"position\":2,\"name\":\"Acceptable Use Policy\"}]},{\"@type\":\"WebSite\",\"@id\":\"https:\\\/\\\/lumi.education\\\/en\\\/#website\",\"url\":\"https:\\\/\\\/lumi.education\\\/en\\\/\",\"name\":\"Lumi Education\",\"description\":\"Make education accessible, individual and exciting.\",\"publisher\":{\"@id\":\"https:\\\/\\\/lumi.education\\\/en\\\/#organization\"},\"potentialAction\":[{\"@type\":\"SearchAction\",\"target\":{\"@type\":\"EntryPoint\",\"urlTemplate\":\"https:\\\/\\\/lumi.education\\\/en\\\/?s={search_term_string}\"},\"query-input\":{\"@type\":\"PropertyValueSpecification\",\"valueRequired\":true,\"valueName\":\"search_term_string\"}}],\"inLanguage\":\"pl-PL\"},{\"@type\":\"Organization\",\"@id\":\"https:\\\/\\\/lumi.education\\\/en\\\/#organization\",\"name\":\"Lumi Education\",\"url\":\"https:\\\/\\\/lumi.education\\\/en\\\/\",\"logo\":{\"@type\":\"ImageObject\",\"inLanguage\":\"pl-PL\",\"@id\":\"https:\\\/\\\/lumi.education\\\/en\\\/#\\\/schema\\\/logo\\\/image\\\/\",\"url\":\"https:\\\/\\\/i0.wp.com\\\/lumi.education\\\/wp-content\\\/uploads\\\/2024\\\/05\\\/mstile-310x310-1.png?fit=310%2C310&ssl=1\",\"contentUrl\":\"https:\\\/\\\/i0.wp.com\\\/lumi.education\\\/wp-content\\\/uploads\\\/2024\\\/05\\\/mstile-310x310-1.png?fit=310%2C310&ssl=1\",\"width\":310,\"height\":310,\"caption\":\"Lumi Education\"},\"image\":{\"@id\":\"https:\\\/\\\/lumi.education\\\/en\\\/#\\\/schema\\\/logo\\\/image\\\/\"},\"sameAs\":[\"https:\\\/\\\/x.com\\\/Lumieducation\"]}]}<\/script>\n<!-- \/ Yoast SEO Premium plugin. -->","yoast_head_json":{"title":"Zasady dopuszczalnego u\u017cytkowania \u2014 Lumi Education","robots":{"index":"index","follow":"follow","max-snippet":"max-snippet:-1","max-image-preview":"max-image-preview:large","max-video-preview":"max-video-preview:-1"},"canonical":"https:\/\/lumi.education\/pl\/przyjete-zasady-uzytkowania\/","og_locale":"pl_PL","og_type":"article","og_title":"Acceptable Use Policy","og_url":"https:\/\/lumi.education\/pl\/przyjete-zasady-uzytkowania\/","og_site_name":"Lumi Education","article_modified_time":"2024-05-15T22:09:19+00:00","twitter_card":"summary_large_image","twitter_site":"@Lumieducation","schema":{"@context":"https:\/\/schema.org","@graph":[{"@type":"WebPage","@id":"https:\/\/lumi.education\/acceptable-use-policy\/","url":"https:\/\/lumi.education\/acceptable-use-policy\/","name":"Zasady dopuszczalnego u\u017cytkowania \u2014 Lumi Education","isPartOf":{"@id":"https:\/\/lumi.education\/en\/#website"},"datePublished":"2024-05-15T22:08:42+00:00","dateModified":"2024-05-15T22:09:19+00:00","breadcrumb":{"@id":"https:\/\/lumi.education\/acceptable-use-policy\/#breadcrumb"},"inLanguage":"pl-PL","potentialAction":[{"@type":"ReadAction","target":["https:\/\/lumi.education\/acceptable-use-policy\/"]}]},{"@type":"BreadcrumbList","@id":"https:\/\/lumi.education\/acceptable-use-policy\/#breadcrumb","itemListElement":[{"@type":"ListItem","position":1,"name":"Home","item":"https:\/\/lumi.education\/"},{"@type":"ListItem","position":2,"name":"Acceptable Use Policy"}]},{"@type":"WebSite","@id":"https:\/\/lumi.education\/en\/#website","url":"https:\/\/lumi.education\/en\/","name":"Edukacja Lumi","description":"Spraw, aby edukacja by\u0142a dost\u0119pna, indywidualna i ekscytuj\u0105ca.","publisher":{"@id":"https:\/\/lumi.education\/en\/#organization"},"potentialAction":[{"@type":"SearchAction","target":{"@type":"EntryPoint","urlTemplate":"https:\/\/lumi.education\/en\/?s={search_term_string}"},"query-input":{"@type":"PropertyValueSpecification","valueRequired":true,"valueName":"search_term_string"}}],"inLanguage":"pl-PL"},{"@type":"Organization","@id":"https:\/\/lumi.education\/en\/#organization","name":"Edukacja Lumi","url":"https:\/\/lumi.education\/en\/","logo":{"@type":"ImageObject","inLanguage":"pl-PL","@id":"https:\/\/lumi.education\/en\/#\/schema\/logo\/image\/","url":"https:\/\/i0.wp.com\/lumi.education\/wp-content\/uploads\/2024\/05\/mstile-310x310-1.png?fit=310%2C310&ssl=1","contentUrl":"https:\/\/i0.wp.com\/lumi.education\/wp-content\/uploads\/2024\/05\/mstile-310x310-1.png?fit=310%2C310&ssl=1","width":310,"height":310,"caption":"Lumi Education"},"image":{"@id":"https:\/\/lumi.education\/en\/#\/schema\/logo\/image\/"},"sameAs":["https:\/\/x.com\/Lumieducation"]}]}},"jetpack_likes_enabled":true,"jetpack_sharing_enabled":true,"jetpack_shortlink":"https:\/\/wp.me\/PfMb2P-2x","jetpack-related-posts":[{"id":689,"url":"https:\/\/lumi.education\/pl\/czesto-zadawane-pytania\/","url_meta":{"origin":157,"position":0},"title":"Cz\u0119sto zadawane pytania","author":"JPSchellenberg","date":"22nd maj 2024","format":false,"excerpt":"Czy moje tre\u015bci s\u0105 prywatne w darmowej wersji Lumi Cloud? Tak. Wszystkie tre\u015bci s\u0105 domy\u015blnie prywatne i widoczne tylko dla Ciebie. Mo\u017cesz udost\u0119pnia\u0107 swoje tre\u015bci, generuj\u0105c link lub pobieraj\u0105c je. Czy mog\u0119 wykorzystywa\u0107 komercyjnie tre\u015bci H5P, kt\u00f3re tworz\u0119? Tak, masz do nich pe\u0142ne prawa\u2026","rel":"","context":"Podobny wpis","block_context":{"text":"Podobny wpis","link":""},"img":{"alt_text":"","src":"","width":0,"height":0},"classes":[]},{"id":105,"url":"https:\/\/lumi.education\/pl\/edytor-pulpitu-offline-lumi-h5p\/","url_meta":{"origin":157,"position":1},"title":"Edytor pulpitu Lumi H5P","author":"JPSchellenberg","date":"15th maj 2024","format":false,"excerpt":"Pobierz bezp\u0142atnie program Lumi H5P Desktop Editor dla systemu Windows Pobierz ze sklepu Microsoft Store (zalecane) Pobierz instalator dla pojedynczego u\u017cytkownika (exe, x64, automatyczna aktualizacja) Pobierz instalator dla ca\u0142ego systemu (exe, x64, bez automatycznej aktualizacji) Pobierz dodatkowe instalatory i architektury ze strony wydania w serwisie GitHub Dowiedz si\u0119 tutaj, jak omin\u0105\u0107 filtr Windows SmartScreen. (potrzebne tylko w przypadku\u2026","rel":"","context":"Podobny wpis","block_context":{"text":"Podobny wpis","link":""},"img":{"alt_text":"H5P Desktop Editor","src":"https:\/\/i0.wp.com\/lumi.education\/wp-content\/uploads\/2024\/05\/Screenshot-2024-05-17-at-14.57.06.png?resize=350%2C200&ssl=1","width":350,"height":200,"srcset":"https:\/\/i0.wp.com\/lumi.education\/wp-content\/uploads\/2024\/05\/Screenshot-2024-05-17-at-14.57.06.png?resize=350%2C200&ssl=1 1x, https:\/\/i0.wp.com\/lumi.education\/wp-content\/uploads\/2024\/05\/Screenshot-2024-05-17-at-14.57.06.png?resize=525%2C300&ssl=1 1.5x, https:\/\/i0.wp.com\/lumi.education\/wp-content\/uploads\/2024\/05\/Screenshot-2024-05-17-at-14.57.06.png?resize=700%2C400&ssl=1 2x"},"classes":[]},{"id":61,"url":"https:\/\/lumi.education\/pl\/","url_meta":{"origin":157,"position":2},"title":"Wst\u0119p","author":"JPSchellenberg","date":"16th marzec 2023","format":false,"excerpt":"Uczy\u0144 edukacj\u0119 dost\u0119pn\u0105, indywidualn\u0105 i ekscytuj\u0105c\u0105. Tw\u00f3rz interaktywne i anga\u017cuj\u0105ce tre\u015bci H5P. Udost\u0119pnij swoje tre\u015bci swoim uczniom. Lumi Desktop Editor Lumi Cloud Tw\u00f3rz interaktywne tre\u015bci z H5P H5P to narz\u0119dzie open source do tworzenia tre\u015bci, przeznaczone dla nauczycieli i specjalist\u00f3w e-learningowych, umo\u017cliwiaj\u0105ce tworzenie, udost\u0119pnianie i ponowne wykorzystywanie interaktywnych tre\u015bci HTML5.\u2026","rel":"","context":"Podobny wpis","block_context":{"text":"Podobny wpis","link":""},"img":{"alt_text":"","src":"https:\/\/i0.wp.com\/lumi.education\/wp-content\/uploads\/2024\/05\/Moodle-logo.svg.png?resize=350%2C200&ssl=1","width":350,"height":200,"srcset":"https:\/\/i0.wp.com\/lumi.education\/wp-content\/uploads\/2024\/05\/Moodle-logo.svg.png?resize=350%2C200&ssl=1 1x, https:\/\/i0.wp.com\/lumi.education\/wp-content\/uploads\/2024\/05\/Moodle-logo.svg.png?resize=525%2C300&ssl=1 1.5x, https:\/\/i0.wp.com\/lumi.education\/wp-content\/uploads\/2024\/05\/Moodle-logo.svg.png?resize=700%2C400&ssl=1 2x"},"classes":[]},{"id":336,"url":"https:\/\/lumi.education\/pl\/chmura-lumi-h5p\/","url_meta":{"origin":157,"position":3},"title":"Chmura Lumi","author":"JPSchellenberg","date":"17th maj 2024","format":false,"excerpt":"Zorganizuj swoj\u0105 zawarto\u015b\u0107 H5P w folderach. Zachowaj jeszcze wi\u0119kszy porz\u0105dek, sprawnie sortuj\u0105c zawarto\u015b\u0107 w folderach, aby mie\u0107 pewno\u015b\u0107, \u017ce wszystko znajdzie si\u0119 tam, gdzie tego potrzebujesz. Co wi\u0119cej, mo\u017cesz spersonalizowa\u0107 ka\u017cdy folder, nadaj\u0105c mu unikaln\u0105 kolorystyk\u0119 i t\u0142o, kt\u00f3re przemawia\u2026","rel":"","context":"Podobny wpis","block_context":{"text":"Podobny wpis","link":""},"img":{"alt_text":"","src":"https:\/\/i0.wp.com\/lumi.education\/wp-content\/uploads\/2024\/05\/4e2d65b038f0843351e7c5a1be6057da.gif?resize=350%2C200&ssl=1","width":350,"height":200,"srcset":"https:\/\/i0.wp.com\/lumi.education\/wp-content\/uploads\/2024\/05\/4e2d65b038f0843351e7c5a1be6057da.gif?resize=350%2C200&ssl=1 1x, https:\/\/i0.wp.com\/lumi.education\/wp-content\/uploads\/2024\/05\/4e2d65b038f0843351e7c5a1be6057da.gif?resize=525%2C300&ssl=1 1.5x, https:\/\/i0.wp.com\/lumi.education\/wp-content\/uploads\/2024\/05\/4e2d65b038f0843351e7c5a1be6057da.gif?resize=700%2C400&ssl=1 2x, https:\/\/i0.wp.com\/lumi.education\/wp-content\/uploads\/2024\/05\/4e2d65b038f0843351e7c5a1be6057da.gif?resize=1050%2C600&ssl=1 3x, https:\/\/i0.wp.com\/lumi.education\/wp-content\/uploads\/2024\/05\/4e2d65b038f0843351e7c5a1be6057da.gif?resize=1400%2C800&ssl=1 4x"},"classes":[]}],"_links":{"self":[{"href":"https:\/\/lumi.education\/pl\/wp-json\/wp\/v2\/pages\/157","targetHints":{"allow":["GET"]}}],"collection":[{"href":"https:\/\/lumi.education\/pl\/wp-json\/wp\/v2\/pages"}],"about":[{"href":"https:\/\/lumi.education\/pl\/wp-json\/wp\/v2\/types\/page"}],"author":[{"embeddable":true,"href":"https:\/\/lumi.education\/pl\/wp-json\/wp\/v2\/users\/250656366"}],"replies":[{"embeddable":true,"href":"https:\/\/lumi.education\/pl\/wp-json\/wp\/v2\/comments?post=157"}],"version-history":[{"count":4,"href":"https:\/\/lumi.education\/pl\/wp-json\/wp\/v2\/pages\/157\/revisions"}],"predecessor-version":[{"id":161,"href":"https:\/\/lumi.education\/pl\/wp-json\/wp\/v2\/pages\/157\/revisions\/161"}],"wp:attachment":[{"href":"https:\/\/lumi.education\/pl\/wp-json\/wp\/v2\/media?parent=157"}],"curies":[{"name":"wp","href":"https:\/\/api.w.org\/{rel}","templated":true}]}}