{"id":177,"date":"2024-05-16T00:25:21","date_gmt":"2024-05-15T22:25:21","guid":{"rendered":"https:\/\/lumi.education\/?page_id=177"},"modified":"2024-05-16T00:25:52","modified_gmt":"2024-05-15T22:25:52","slug":"data-subject-access-request","status":"publish","type":"page","link":"https:\/\/lumi.education\/pt_br\/solicitacao-de-acesso-do-titular-dos-dados\/","title":{"rendered":"Solicita\u00e7\u00e3o de acesso do titular dos dados"},"content":{"rendered":"<div data-elementor-type=\"wp-page\" data-elementor-id=\"177\" class=\"elementor elementor-177\">\n\t\t\t\t<div class=\"elementor-element elementor-element-64c0bd4 e-flex e-con-boxed e-con e-parent\" data-id=\"64c0bd4\" data-element_type=\"container\" data-e-type=\"container\">\n\t\t\t\t\t<div class=\"e-con-inner\">\n\t\t\t\t<div class=\"elementor-element elementor-element-5b8e21d elementor-widget elementor-widget-html\" data-id=\"5b8e21d\" data-element_type=\"widget\" data-e-type=\"widget\" data-widget_type=\"html.default\">\n\t\t\t\t<div class=\"elementor-widget-container\">\n\t\t\t\t\t<iframe\n  src=\"https:\/\/app.termly.io\/notify\/abc47dbd-9b8d-4b48-91b6-5f363259988c\"\n>\n<\/iframe>\t\t\t\t<\/div>\n\t\t\t\t<\/div>\n\t\t\t\t\t<\/div>\n\t\t\t\t<\/div>\n\t\t\t\t<\/div>","protected":false},"excerpt":{"rendered":"","protected":false},"author":250656366,"featured_media":0,"parent":0,"menu_order":0,"comment_status":"closed","ping_status":"closed","template":"","meta":{"footnotes":""},"class_list":["post-177","page","type-page","status-publish","hentry"],"yoast_head":"<!-- This site is optimized with the Yoast SEO Premium plugin v22.7 (Yoast SEO v27.6) - https:\/\/yoast.com\/product\/yoast-seo-premium-wordpress\/ -->\n<title>Data Subject Access Request - Lumi Education<\/title>\n<meta name=\"robots\" content=\"index, follow, max-snippet:-1, max-image-preview:large, max-video-preview:-1\" \/>\n<link rel=\"canonical\" href=\"https:\/\/lumi.education\/pt_br\/solicitacao-de-acesso-do-titular-dos-dados\/\" \/>\n<meta property=\"og:locale\" content=\"pt_BR\" \/>\n<meta property=\"og:type\" content=\"article\" \/>\n<meta property=\"og:title\" content=\"Data Subject Access Request\" \/>\n<meta property=\"og:url\" content=\"https:\/\/lumi.education\/pt_br\/solicitacao-de-acesso-do-titular-dos-dados\/\" \/>\n<meta property=\"og:site_name\" content=\"Lumi Education\" \/>\n<meta property=\"article:modified_time\" content=\"2024-05-15T22:25:52+00:00\" \/>\n<meta name=\"twitter:card\" content=\"summary_large_image\" \/>\n<meta name=\"twitter:site\" content=\"@Lumieducation\" \/>\n<script type=\"application\/ld+json\" class=\"yoast-schema-graph\">{\"@context\":\"https:\\\/\\\/schema.org\",\"@graph\":[{\"@type\":\"WebPage\",\"@id\":\"https:\\\/\\\/lumi.education\\\/data-subject-access-request\\\/\",\"url\":\"https:\\\/\\\/lumi.education\\\/data-subject-access-request\\\/\",\"name\":\"Data Subject Access Request - Lumi Education\",\"isPartOf\":{\"@id\":\"https:\\\/\\\/lumi.education\\\/en\\\/#website\"},\"datePublished\":\"2024-05-15T22:25:21+00:00\",\"dateModified\":\"2024-05-15T22:25:52+00:00\",\"breadcrumb\":{\"@id\":\"https:\\\/\\\/lumi.education\\\/data-subject-access-request\\\/#breadcrumb\"},\"inLanguage\":\"pt-BR\",\"potentialAction\":[{\"@type\":\"ReadAction\",\"target\":[\"https:\\\/\\\/lumi.education\\\/data-subject-access-request\\\/\"]}]},{\"@type\":\"BreadcrumbList\",\"@id\":\"https:\\\/\\\/lumi.education\\\/data-subject-access-request\\\/#breadcrumb\",\"itemListElement\":[{\"@type\":\"ListItem\",\"position\":1,\"name\":\"Home\",\"item\":\"https:\\\/\\\/lumi.education\\\/\"},{\"@type\":\"ListItem\",\"position\":2,\"name\":\"Data Subject Access Request\"}]},{\"@type\":\"WebSite\",\"@id\":\"https:\\\/\\\/lumi.education\\\/en\\\/#website\",\"url\":\"https:\\\/\\\/lumi.education\\\/en\\\/\",\"name\":\"Lumi Education\",\"description\":\"Make education accessible, individual and exciting.\",\"publisher\":{\"@id\":\"https:\\\/\\\/lumi.education\\\/en\\\/#organization\"},\"potentialAction\":[{\"@type\":\"SearchAction\",\"target\":{\"@type\":\"EntryPoint\",\"urlTemplate\":\"https:\\\/\\\/lumi.education\\\/en\\\/?s={search_term_string}\"},\"query-input\":{\"@type\":\"PropertyValueSpecification\",\"valueRequired\":true,\"valueName\":\"search_term_string\"}}],\"inLanguage\":\"pt-BR\"},{\"@type\":\"Organization\",\"@id\":\"https:\\\/\\\/lumi.education\\\/en\\\/#organization\",\"name\":\"Lumi Education\",\"url\":\"https:\\\/\\\/lumi.education\\\/en\\\/\",\"logo\":{\"@type\":\"ImageObject\",\"inLanguage\":\"pt-BR\",\"@id\":\"https:\\\/\\\/lumi.education\\\/en\\\/#\\\/schema\\\/logo\\\/image\\\/\",\"url\":\"https:\\\/\\\/i0.wp.com\\\/lumi.education\\\/wp-content\\\/uploads\\\/2024\\\/05\\\/mstile-310x310-1.png?fit=310%2C310&ssl=1\",\"contentUrl\":\"https:\\\/\\\/i0.wp.com\\\/lumi.education\\\/wp-content\\\/uploads\\\/2024\\\/05\\\/mstile-310x310-1.png?fit=310%2C310&ssl=1\",\"width\":310,\"height\":310,\"caption\":\"Lumi Education\"},\"image\":{\"@id\":\"https:\\\/\\\/lumi.education\\\/en\\\/#\\\/schema\\\/logo\\\/image\\\/\"},\"sameAs\":[\"https:\\\/\\\/x.com\\\/Lumieducation\"]}]}<\/script>\n<!-- \/ Yoast SEO Premium plugin. -->","yoast_head_json":{"title":"Solicita\u00e7\u00e3o de acesso do titular dos dados - Lumi Education","robots":{"index":"index","follow":"follow","max-snippet":"max-snippet:-1","max-image-preview":"max-image-preview:large","max-video-preview":"max-video-preview:-1"},"canonical":"https:\/\/lumi.education\/pt_br\/solicitacao-de-acesso-do-titular-dos-dados\/","og_locale":"pt_BR","og_type":"article","og_title":"Data Subject Access Request","og_url":"https:\/\/lumi.education\/pt_br\/solicitacao-de-acesso-do-titular-dos-dados\/","og_site_name":"Lumi Education","article_modified_time":"2024-05-15T22:25:52+00:00","twitter_card":"summary_large_image","twitter_site":"@Lumieducation","schema":{"@context":"https:\/\/schema.org","@graph":[{"@type":"WebPage","@id":"https:\/\/lumi.education\/data-subject-access-request\/","url":"https:\/\/lumi.education\/data-subject-access-request\/","name":"Solicita\u00e7\u00e3o de acesso do titular dos dados - Lumi Education","isPartOf":{"@id":"https:\/\/lumi.education\/en\/#website"},"datePublished":"2024-05-15T22:25:21+00:00","dateModified":"2024-05-15T22:25:52+00:00","breadcrumb":{"@id":"https:\/\/lumi.education\/data-subject-access-request\/#breadcrumb"},"inLanguage":"pt-BR","potentialAction":[{"@type":"ReadAction","target":["https:\/\/lumi.education\/data-subject-access-request\/"]}]},{"@type":"BreadcrumbList","@id":"https:\/\/lumi.education\/data-subject-access-request\/#breadcrumb","itemListElement":[{"@type":"ListItem","position":1,"name":"Home","item":"https:\/\/lumi.education\/"},{"@type":"ListItem","position":2,"name":"Data Subject Access Request"}]},{"@type":"WebSite","@id":"https:\/\/lumi.education\/en\/#website","url":"https:\/\/lumi.education\/en\/","name":"Lumi Educa\u00e7\u00e3o","description":"Torne a educa\u00e7\u00e3o acess\u00edvel, individual e estimulante.","publisher":{"@id":"https:\/\/lumi.education\/en\/#organization"},"potentialAction":[{"@type":"SearchAction","target":{"@type":"EntryPoint","urlTemplate":"https:\/\/lumi.education\/en\/?s={search_term_string}"},"query-input":{"@type":"PropertyValueSpecification","valueRequired":true,"valueName":"search_term_string"}}],"inLanguage":"pt-BR"},{"@type":"Organization","@id":"https:\/\/lumi.education\/en\/#organization","name":"Lumi Educa\u00e7\u00e3o","url":"https:\/\/lumi.education\/en\/","logo":{"@type":"ImageObject","inLanguage":"pt-BR","@id":"https:\/\/lumi.education\/en\/#\/schema\/logo\/image\/","url":"https:\/\/i0.wp.com\/lumi.education\/wp-content\/uploads\/2024\/05\/mstile-310x310-1.png?fit=310%2C310&ssl=1","contentUrl":"https:\/\/i0.wp.com\/lumi.education\/wp-content\/uploads\/2024\/05\/mstile-310x310-1.png?fit=310%2C310&ssl=1","width":310,"height":310,"caption":"Lumi Education"},"image":{"@id":"https:\/\/lumi.education\/en\/#\/schema\/logo\/image\/"},"sameAs":["https:\/\/x.com\/Lumieducation"]}]}},"jetpack_likes_enabled":true,"jetpack_sharing_enabled":true,"jetpack_shortlink":"https:\/\/wp.me\/PfMb2P-2R","jetpack-related-posts":[{"id":689,"url":"https:\/\/lumi.education\/pt_br\/perguntas-frequentes\/","url_meta":{"origin":177,"position":0},"title":"Perguntas frequentes","author":"JPSchellenberg","date":"22nd maio 2024","format":false,"excerpt":"Meu conte\u00fado \u00e9 privado na vers\u00e3o gratuita do Lumi Cloud? Sim. Todo o conte\u00fado \u00e9 privado por padr\u00e3o e vis\u00edvel apenas para voc\u00ea. Voc\u00ea pode compartilhar seu conte\u00fado gerando um link ou baixando-o. Posso usar o conte\u00fado H5P que eu criar comercialmente? Sim, voc\u00ea ter\u00e1 total propriedade dele\u2026","rel":"","context":"Post similar","block_context":{"text":"Post similar","link":""},"img":{"alt_text":"","src":"","width":0,"height":0},"classes":[]},{"id":105,"url":"https:\/\/lumi.education\/pt_br\/editor-de-desktop-offline-lumi-h5p\/","url_meta":{"origin":177,"position":1},"title":"Editor de \u00e1rea de trabalho Lumi H5P","author":"JPSchellenberg","date":"15th maio 2024","format":false,"excerpt":"Baixe o Lumi H5P Desktop Editor gratuitamente para Windows na Microsoft Store (recomendado). Baixe o instalador para um \u00fanico usu\u00e1rio (exe, x64, atualiza\u00e7\u00e3o autom\u00e1tica). Baixe o instalador para todo o sistema (exe, x64, sem atualiza\u00e7\u00e3o autom\u00e1tica). Baixe outros instaladores e arquiteturas na p\u00e1gina de lan\u00e7amentos do GitHub. Saiba aqui como contornar o filtro SmartScreen do Windows. (necess\u00e1rio apenas para\u2026)","rel":"","context":"Post similar","block_context":{"text":"Post similar","link":""},"img":{"alt_text":"H5P Desktop Editor","src":"https:\/\/i0.wp.com\/lumi.education\/wp-content\/uploads\/2024\/05\/Screenshot-2024-05-17-at-14.57.06.png?resize=350%2C200&ssl=1","width":350,"height":200,"srcset":"https:\/\/i0.wp.com\/lumi.education\/wp-content\/uploads\/2024\/05\/Screenshot-2024-05-17-at-14.57.06.png?resize=350%2C200&ssl=1 1x, https:\/\/i0.wp.com\/lumi.education\/wp-content\/uploads\/2024\/05\/Screenshot-2024-05-17-at-14.57.06.png?resize=525%2C300&ssl=1 1.5x, https:\/\/i0.wp.com\/lumi.education\/wp-content\/uploads\/2024\/05\/Screenshot-2024-05-17-at-14.57.06.png?resize=700%2C400&ssl=1 2x"},"classes":[]},{"id":61,"url":"https:\/\/lumi.education\/pt_br\/","url_meta":{"origin":177,"position":2},"title":"P\u00e1gina inicial","author":"JPSchellenberg","date":"16th mar\u00e7o 2023","format":false,"excerpt":"Torne a educa\u00e7\u00e3o acess\u00edvel, individualizada e empolgante. Crie conte\u00fado H5P interativo e envolvente. Disponibilize seu conte\u00fado para seus alunos. Lumi Desktop Editor Lumi Cloud Crie conte\u00fado interativo com H5P O H5P \u00e9 uma ferramenta de cria\u00e7\u00e3o de conte\u00fado de c\u00f3digo aberto, projetada para educadores e profissionais de e-learning criarem, compartilharem e reutilizarem conte\u00fado HTML5 interativo.","rel":"","context":"Post similar","block_context":{"text":"Post similar","link":""},"img":{"alt_text":"","src":"https:\/\/i0.wp.com\/lumi.education\/wp-content\/uploads\/2024\/05\/Moodle-logo.svg.png?resize=350%2C200&ssl=1","width":350,"height":200,"srcset":"https:\/\/i0.wp.com\/lumi.education\/wp-content\/uploads\/2024\/05\/Moodle-logo.svg.png?resize=350%2C200&ssl=1 1x, https:\/\/i0.wp.com\/lumi.education\/wp-content\/uploads\/2024\/05\/Moodle-logo.svg.png?resize=525%2C300&ssl=1 1.5x, https:\/\/i0.wp.com\/lumi.education\/wp-content\/uploads\/2024\/05\/Moodle-logo.svg.png?resize=700%2C400&ssl=1 2x"},"classes":[]},{"id":336,"url":"https:\/\/lumi.education\/pt_br\/nuvem-lumi-h5p\/","url_meta":{"origin":177,"position":3},"title":"Nuvem Lumi","author":"JPSchellenberg","date":"17th maio 2024","format":false,"excerpt":"Organize seu conte\u00fado H5P em pastas. Mantenha-se ainda mais organizado, classificando seu conte\u00fado em pastas de forma eficiente e garantindo que tudo esteja exatamente onde voc\u00ea precisa. Al\u00e9m disso, voc\u00ea tamb\u00e9m pode personalizar cada pasta, atribuindo a ela um esquema de cores exclusivo e uma imagem de fundo que transmita sua personalidade.","rel":"","context":"Post similar","block_context":{"text":"Post similar","link":""},"img":{"alt_text":"","src":"https:\/\/i0.wp.com\/lumi.education\/wp-content\/uploads\/2024\/05\/4e2d65b038f0843351e7c5a1be6057da.gif?resize=350%2C200&ssl=1","width":350,"height":200,"srcset":"https:\/\/i0.wp.com\/lumi.education\/wp-content\/uploads\/2024\/05\/4e2d65b038f0843351e7c5a1be6057da.gif?resize=350%2C200&ssl=1 1x, https:\/\/i0.wp.com\/lumi.education\/wp-content\/uploads\/2024\/05\/4e2d65b038f0843351e7c5a1be6057da.gif?resize=525%2C300&ssl=1 1.5x, https:\/\/i0.wp.com\/lumi.education\/wp-content\/uploads\/2024\/05\/4e2d65b038f0843351e7c5a1be6057da.gif?resize=700%2C400&ssl=1 2x, https:\/\/i0.wp.com\/lumi.education\/wp-content\/uploads\/2024\/05\/4e2d65b038f0843351e7c5a1be6057da.gif?resize=1050%2C600&ssl=1 3x, https:\/\/i0.wp.com\/lumi.education\/wp-content\/uploads\/2024\/05\/4e2d65b038f0843351e7c5a1be6057da.gif?resize=1400%2C800&ssl=1 4x"},"classes":[]}],"_links":{"self":[{"href":"https:\/\/lumi.education\/pt_br\/wp-json\/wp\/v2\/pages\/177","targetHints":{"allow":["GET"]}}],"collection":[{"href":"https:\/\/lumi.education\/pt_br\/wp-json\/wp\/v2\/pages"}],"about":[{"href":"https:\/\/lumi.education\/pt_br\/wp-json\/wp\/v2\/types\/page"}],"author":[{"embeddable":true,"href":"https:\/\/lumi.education\/pt_br\/wp-json\/wp\/v2\/users\/250656366"}],"replies":[{"embeddable":true,"href":"https:\/\/lumi.education\/pt_br\/wp-json\/wp\/v2\/comments?post=177"}],"version-history":[{"count":4,"href":"https:\/\/lumi.education\/pt_br\/wp-json\/wp\/v2\/pages\/177\/revisions"}],"predecessor-version":[{"id":181,"href":"https:\/\/lumi.education\/pt_br\/wp-json\/wp\/v2\/pages\/177\/revisions\/181"}],"wp:attachment":[{"href":"https:\/\/lumi.education\/pt_br\/wp-json\/wp\/v2\/media?parent=177"}],"curies":[{"name":"wp","href":"https:\/\/api.w.org\/{rel}","templated":true}]}}