{"id":157,"date":"2024-05-16T00:08:42","date_gmt":"2024-05-15T22:08:42","guid":{"rendered":"https:\/\/lumi.education\/?page_id=157"},"modified":"2024-05-16T00:09:19","modified_gmt":"2024-05-15T22:09:19","slug":"acceptable-use-policy","status":"publish","type":"page","link":"https:\/\/lumi.education\/tr\/kabul-edilebilir-kullanim-politikasi\/","title":{"rendered":"Kabul Edilebilir Kullan\u0131m Politikas\u0131"},"content":{"rendered":"\t\t<div data-elementor-type=\"wp-page\" data-elementor-id=\"157\" class=\"elementor elementor-157\">\n\t\t\t\t<div class=\"elementor-element elementor-element-b2d226f e-flex e-con-boxed e-con e-parent\" data-id=\"b2d226f\" data-element_type=\"container\" data-e-type=\"container\">\n\t\t\t\t\t<div class=\"e-con-inner\">\n\t\t\t\t<div class=\"elementor-element elementor-element-e73301e elementor-widget elementor-widget-html\" data-id=\"e73301e\" data-element_type=\"widget\" data-e-type=\"widget\" data-widget_type=\"html.default\">\n\t\t\t\t<div class=\"elementor-widget-container\">\n\t\t\t\t\t<div name=\"termly-embed\" data-id=\"56b2b1a2-3168-404a-ae03-7dea191a95b4\"><\/div>\n<script type=\"text\/javascript\">(function(d, s, id) {\n  var js, tjs = d.getElementsByTagName(s)[0];\n  if (d.getElementById(id)) return;\n  js = d.createElement(s); js.id = id;\n  js.src = \"https:\/\/app.termly.io\/embed-policy.min.js\";\n  tjs.parentNode.insertBefore(js, tjs);\n}(document, 'script', 'termly-jssdk'));<\/script>\t\t\t\t<\/div>\n\t\t\t\t<\/div>\n\t\t\t\t\t<\/div>\n\t\t\t\t<\/div>\n\t\t\t\t<\/div>\n\t\t","protected":false},"excerpt":{"rendered":"","protected":false},"author":250656366,"featured_media":0,"parent":0,"menu_order":0,"comment_status":"closed","ping_status":"closed","template":"","meta":{"footnotes":""},"class_list":["post-157","page","type-page","status-publish","hentry"],"yoast_head":"<!-- This site is optimized with the Yoast SEO Premium plugin v22.7 (Yoast SEO v27.6) - https:\/\/yoast.com\/product\/yoast-seo-premium-wordpress\/ -->\n<title>Acceptable Use Policy - Lumi Education<\/title>\n<meta name=\"robots\" content=\"index, follow, max-snippet:-1, max-image-preview:large, max-video-preview:-1\" \/>\n<link rel=\"canonical\" href=\"https:\/\/lumi.education\/tr\/kabul-edilebilir-kullanim-politikasi\/\" \/>\n<meta property=\"og:locale\" content=\"tr_TR\" \/>\n<meta property=\"og:type\" content=\"article\" \/>\n<meta property=\"og:title\" content=\"Acceptable Use Policy\" \/>\n<meta property=\"og:url\" content=\"https:\/\/lumi.education\/tr\/kabul-edilebilir-kullanim-politikasi\/\" \/>\n<meta property=\"og:site_name\" content=\"Lumi Education\" \/>\n<meta property=\"article:modified_time\" content=\"2024-05-15T22:09:19+00:00\" \/>\n<meta name=\"twitter:card\" content=\"summary_large_image\" \/>\n<meta name=\"twitter:site\" content=\"@Lumieducation\" \/>\n<script type=\"application\/ld+json\" class=\"yoast-schema-graph\">{\"@context\":\"https:\\\/\\\/schema.org\",\"@graph\":[{\"@type\":\"WebPage\",\"@id\":\"https:\\\/\\\/lumi.education\\\/acceptable-use-policy\\\/\",\"url\":\"https:\\\/\\\/lumi.education\\\/acceptable-use-policy\\\/\",\"name\":\"Acceptable Use Policy - Lumi Education\",\"isPartOf\":{\"@id\":\"https:\\\/\\\/lumi.education\\\/en\\\/#website\"},\"datePublished\":\"2024-05-15T22:08:42+00:00\",\"dateModified\":\"2024-05-15T22:09:19+00:00\",\"breadcrumb\":{\"@id\":\"https:\\\/\\\/lumi.education\\\/acceptable-use-policy\\\/#breadcrumb\"},\"inLanguage\":\"tr\",\"potentialAction\":[{\"@type\":\"ReadAction\",\"target\":[\"https:\\\/\\\/lumi.education\\\/acceptable-use-policy\\\/\"]}]},{\"@type\":\"BreadcrumbList\",\"@id\":\"https:\\\/\\\/lumi.education\\\/acceptable-use-policy\\\/#breadcrumb\",\"itemListElement\":[{\"@type\":\"ListItem\",\"position\":1,\"name\":\"Home\",\"item\":\"https:\\\/\\\/lumi.education\\\/\"},{\"@type\":\"ListItem\",\"position\":2,\"name\":\"Acceptable Use Policy\"}]},{\"@type\":\"WebSite\",\"@id\":\"https:\\\/\\\/lumi.education\\\/en\\\/#website\",\"url\":\"https:\\\/\\\/lumi.education\\\/en\\\/\",\"name\":\"Lumi Education\",\"description\":\"Make education accessible, individual and exciting.\",\"publisher\":{\"@id\":\"https:\\\/\\\/lumi.education\\\/en\\\/#organization\"},\"potentialAction\":[{\"@type\":\"SearchAction\",\"target\":{\"@type\":\"EntryPoint\",\"urlTemplate\":\"https:\\\/\\\/lumi.education\\\/en\\\/?s={search_term_string}\"},\"query-input\":{\"@type\":\"PropertyValueSpecification\",\"valueRequired\":true,\"valueName\":\"search_term_string\"}}],\"inLanguage\":\"tr\"},{\"@type\":\"Organization\",\"@id\":\"https:\\\/\\\/lumi.education\\\/en\\\/#organization\",\"name\":\"Lumi Education\",\"url\":\"https:\\\/\\\/lumi.education\\\/en\\\/\",\"logo\":{\"@type\":\"ImageObject\",\"inLanguage\":\"tr\",\"@id\":\"https:\\\/\\\/lumi.education\\\/en\\\/#\\\/schema\\\/logo\\\/image\\\/\",\"url\":\"https:\\\/\\\/i0.wp.com\\\/lumi.education\\\/wp-content\\\/uploads\\\/2024\\\/05\\\/mstile-310x310-1.png?fit=310%2C310&ssl=1\",\"contentUrl\":\"https:\\\/\\\/i0.wp.com\\\/lumi.education\\\/wp-content\\\/uploads\\\/2024\\\/05\\\/mstile-310x310-1.png?fit=310%2C310&ssl=1\",\"width\":310,\"height\":310,\"caption\":\"Lumi Education\"},\"image\":{\"@id\":\"https:\\\/\\\/lumi.education\\\/en\\\/#\\\/schema\\\/logo\\\/image\\\/\"},\"sameAs\":[\"https:\\\/\\\/x.com\\\/Lumieducation\"]}]}<\/script>\n<!-- \/ Yoast SEO Premium plugin. -->","yoast_head_json":{"title":"Kabul Edilebilir Kullan\u0131m Politikas\u0131 - Lumi Education","robots":{"index":"index","follow":"follow","max-snippet":"max-snippet:-1","max-image-preview":"max-image-preview:large","max-video-preview":"max-video-preview:-1"},"canonical":"https:\/\/lumi.education\/tr\/kabul-edilebilir-kullanim-politikasi\/","og_locale":"tr_TR","og_type":"article","og_title":"Acceptable Use Policy","og_url":"https:\/\/lumi.education\/tr\/kabul-edilebilir-kullanim-politikasi\/","og_site_name":"Lumi Education","article_modified_time":"2024-05-15T22:09:19+00:00","twitter_card":"summary_large_image","twitter_site":"@Lumieducation","schema":{"@context":"https:\/\/schema.org","@graph":[{"@type":"WebPage","@id":"https:\/\/lumi.education\/acceptable-use-policy\/","url":"https:\/\/lumi.education\/acceptable-use-policy\/","name":"Kabul Edilebilir Kullan\u0131m Politikas\u0131 - Lumi Education","isPartOf":{"@id":"https:\/\/lumi.education\/en\/#website"},"datePublished":"2024-05-15T22:08:42+00:00","dateModified":"2024-05-15T22:09:19+00:00","breadcrumb":{"@id":"https:\/\/lumi.education\/acceptable-use-policy\/#breadcrumb"},"inLanguage":"tr","potentialAction":[{"@type":"ReadAction","target":["https:\/\/lumi.education\/acceptable-use-policy\/"]}]},{"@type":"BreadcrumbList","@id":"https:\/\/lumi.education\/acceptable-use-policy\/#breadcrumb","itemListElement":[{"@type":"ListItem","position":1,"name":"Home","item":"https:\/\/lumi.education\/"},{"@type":"ListItem","position":2,"name":"Acceptable Use Policy"}]},{"@type":"WebSite","@id":"https:\/\/lumi.education\/en\/#website","url":"https:\/\/lumi.education\/en\/","name":"Lumi E\u011fitim","description":"E\u011fitimi eri\u015filebilir, bireysel ve heyecan verici hale getirin.","publisher":{"@id":"https:\/\/lumi.education\/en\/#organization"},"potentialAction":[{"@type":"SearchAction","target":{"@type":"EntryPoint","urlTemplate":"https:\/\/lumi.education\/en\/?s={search_term_string}"},"query-input":{"@type":"PropertyValueSpecification","valueRequired":true,"valueName":"search_term_string"}}],"inLanguage":"tr"},{"@type":"Organization","@id":"https:\/\/lumi.education\/en\/#organization","name":"Lumi E\u011fitim","url":"https:\/\/lumi.education\/en\/","logo":{"@type":"ImageObject","inLanguage":"tr","@id":"https:\/\/lumi.education\/en\/#\/schema\/logo\/image\/","url":"https:\/\/i0.wp.com\/lumi.education\/wp-content\/uploads\/2024\/05\/mstile-310x310-1.png?fit=310%2C310&ssl=1","contentUrl":"https:\/\/i0.wp.com\/lumi.education\/wp-content\/uploads\/2024\/05\/mstile-310x310-1.png?fit=310%2C310&ssl=1","width":310,"height":310,"caption":"Lumi Education"},"image":{"@id":"https:\/\/lumi.education\/en\/#\/schema\/logo\/image\/"},"sameAs":["https:\/\/x.com\/Lumieducation"]}]}},"jetpack_likes_enabled":true,"jetpack_sharing_enabled":true,"jetpack_shortlink":"https:\/\/wp.me\/PfMb2P-2x","jetpack-related-posts":[{"id":689,"url":"https:\/\/lumi.education\/tr\/sss\/","url_meta":{"origin":157,"position":0},"title":"SSS","author":"JPSchellenberg","date":"22nd May\u0131s 2024","format":false,"excerpt":"Lumi Cloud&#039;un \u00fccretsiz s\u00fcr\u00fcm\u00fcnde i\u00e7eri\u011fim gizli mi? Evet. T\u00fcm i\u00e7erik varsay\u0131lan olarak gizlidir ve yaln\u0131zca sizin taraf\u0131n\u0131zdan g\u00f6r\u00fclebilir. \u0130\u00e7eri\u011finizi bir ba\u011flant\u0131 olu\u015fturarak veya i\u00e7eri\u011fi indirerek payla\u015fabilirsiniz. Olu\u015fturdu\u011fum H5P i\u00e7eri\u011fini ticari olarak kullanabilir miyim? Evet, tam m\u00fclkiyet hakk\u0131na sahipsiniz\u2026","rel":"","context":"Benzer yaz\u0131","block_context":{"text":"Benzer yaz\u0131","link":""},"img":{"alt_text":"","src":"","width":0,"height":0},"classes":[]},{"id":105,"url":"https:\/\/lumi.education\/tr\/lumi-h5p-cevrimdisi-masaustu-duzenleyici\/","url_meta":{"origin":157,"position":1},"title":"Lumi H5P Masa\u00fcst\u00fc D\u00fczenleyici","author":"JPSchellenberg","date":"15th May\u0131s 2024","format":false,"excerpt":"Lumi H5P Masa\u00fcst\u00fc D\u00fczenleyiciyi \u00fccretsiz indirin Windows Microsoft Ma\u011fazas\u0131ndan indirin (\u00f6nerilir) Tek kullan\u0131c\u0131 i\u00e7in y\u00fckleyiciyi indirin (exe, x64, otomatik g\u00fcncelleme) Sistem genelinde y\u00fckleyiciyi indirin (exe, x64, otomatik g\u00fcncelleme yok) GitHub s\u00fcr\u00fcm sayfas\u0131ndan daha fazla y\u00fckleyici ve mimari indirin Windows SmartScreen filtresini nas\u0131l atlayaca\u011f\u0131n\u0131z\u0131 buradan \u00f6\u011frenin. (sadece \u015fu durumlar i\u00e7in gereklidir\u2026)","rel":"","context":"Benzer yaz\u0131","block_context":{"text":"Benzer yaz\u0131","link":""},"img":{"alt_text":"H5P Desktop Editor","src":"https:\/\/i0.wp.com\/lumi.education\/wp-content\/uploads\/2024\/05\/Screenshot-2024-05-17-at-14.57.06.png?resize=350%2C200&ssl=1","width":350,"height":200,"srcset":"https:\/\/i0.wp.com\/lumi.education\/wp-content\/uploads\/2024\/05\/Screenshot-2024-05-17-at-14.57.06.png?resize=350%2C200&ssl=1 1x, https:\/\/i0.wp.com\/lumi.education\/wp-content\/uploads\/2024\/05\/Screenshot-2024-05-17-at-14.57.06.png?resize=525%2C300&ssl=1 1.5x, https:\/\/i0.wp.com\/lumi.education\/wp-content\/uploads\/2024\/05\/Screenshot-2024-05-17-at-14.57.06.png?resize=700%2C400&ssl=1 2x"},"classes":[]},{"id":61,"url":"https:\/\/lumi.education\/tr\/","url_meta":{"origin":157,"position":2},"title":"A\u00e7\u0131l\u0131\u015f sayfas\u0131","author":"JPSchellenberg","date":"16th Mart 2023","format":false,"excerpt":"E\u011fitimi eri\u015filebilir, bireysel ve heyecan verici hale getirin. Etkile\u015fimli ve ilgi \u00e7ekici H5P i\u00e7eri\u011fi olu\u015fturun. \u0130\u00e7eri\u011finizi \u00f6\u011frencilerinizin kullan\u0131m\u0131na sunun. Lumi Masa\u00fcst\u00fc Edit\u00f6r\u00fc Lumi Cloud H5P ile etkile\u015fimli i\u00e7erik olu\u015fturun H5P, e\u011fitimciler ve e-\u00f6\u011frenme uzmanlar\u0131 i\u00e7in etkile\u015fimli HTML5 i\u00e7eri\u011fi olu\u015fturmak, payla\u015fmak ve yeniden kullanmak \u00fczere tasarlanm\u0131\u015f a\u00e7\u0131k kaynakl\u0131 bir i\u00e7erik olu\u015fturma arac\u0131d\u0131r\u2026","rel":"","context":"Benzer yaz\u0131","block_context":{"text":"Benzer yaz\u0131","link":""},"img":{"alt_text":"","src":"https:\/\/i0.wp.com\/lumi.education\/wp-content\/uploads\/2024\/05\/Moodle-logo.svg.png?resize=350%2C200&ssl=1","width":350,"height":200,"srcset":"https:\/\/i0.wp.com\/lumi.education\/wp-content\/uploads\/2024\/05\/Moodle-logo.svg.png?resize=350%2C200&ssl=1 1x, https:\/\/i0.wp.com\/lumi.education\/wp-content\/uploads\/2024\/05\/Moodle-logo.svg.png?resize=525%2C300&ssl=1 1.5x, https:\/\/i0.wp.com\/lumi.education\/wp-content\/uploads\/2024\/05\/Moodle-logo.svg.png?resize=700%2C400&ssl=1 2x"},"classes":[]},{"id":336,"url":"https:\/\/lumi.education\/tr\/lumi-h5p-bulut\/","url_meta":{"origin":157,"position":3},"title":"Lumi Bulut","author":"JPSchellenberg","date":"17th May\u0131s 2024","format":false,"excerpt":"H5P i\u00e7eri\u011finizi klas\u00f6rler halinde d\u00fczenleyin. \u0130\u00e7eri\u011finizi klas\u00f6rlere verimli bir \u015fekilde ay\u0131rarak daha da d\u00fczenli olun ve her \u015feyin tam ihtiyac\u0131n\u0131z olan yerde oldu\u011fundan emin olun. Bununla birlikte, her klas\u00f6re benzersiz bir renk \u015femas\u0131 ve mesaj veren bir arka plan resmi vererek ki\u015fiselle\u015ftirebilirsiniz\u2026","rel":"","context":"Benzer yaz\u0131","block_context":{"text":"Benzer yaz\u0131","link":""},"img":{"alt_text":"","src":"https:\/\/i0.wp.com\/lumi.education\/wp-content\/uploads\/2024\/05\/4e2d65b038f0843351e7c5a1be6057da.gif?resize=350%2C200&ssl=1","width":350,"height":200,"srcset":"https:\/\/i0.wp.com\/lumi.education\/wp-content\/uploads\/2024\/05\/4e2d65b038f0843351e7c5a1be6057da.gif?resize=350%2C200&ssl=1 1x, https:\/\/i0.wp.com\/lumi.education\/wp-content\/uploads\/2024\/05\/4e2d65b038f0843351e7c5a1be6057da.gif?resize=525%2C300&ssl=1 1.5x, https:\/\/i0.wp.com\/lumi.education\/wp-content\/uploads\/2024\/05\/4e2d65b038f0843351e7c5a1be6057da.gif?resize=700%2C400&ssl=1 2x, https:\/\/i0.wp.com\/lumi.education\/wp-content\/uploads\/2024\/05\/4e2d65b038f0843351e7c5a1be6057da.gif?resize=1050%2C600&ssl=1 3x, https:\/\/i0.wp.com\/lumi.education\/wp-content\/uploads\/2024\/05\/4e2d65b038f0843351e7c5a1be6057da.gif?resize=1400%2C800&ssl=1 4x"},"classes":[]}],"_links":{"self":[{"href":"https:\/\/lumi.education\/tr\/wp-json\/wp\/v2\/pages\/157","targetHints":{"allow":["GET"]}}],"collection":[{"href":"https:\/\/lumi.education\/tr\/wp-json\/wp\/v2\/pages"}],"about":[{"href":"https:\/\/lumi.education\/tr\/wp-json\/wp\/v2\/types\/page"}],"author":[{"embeddable":true,"href":"https:\/\/lumi.education\/tr\/wp-json\/wp\/v2\/users\/250656366"}],"replies":[{"embeddable":true,"href":"https:\/\/lumi.education\/tr\/wp-json\/wp\/v2\/comments?post=157"}],"version-history":[{"count":4,"href":"https:\/\/lumi.education\/tr\/wp-json\/wp\/v2\/pages\/157\/revisions"}],"predecessor-version":[{"id":161,"href":"https:\/\/lumi.education\/tr\/wp-json\/wp\/v2\/pages\/157\/revisions\/161"}],"wp:attachment":[{"href":"https:\/\/lumi.education\/tr\/wp-json\/wp\/v2\/media?parent=157"}],"curies":[{"name":"wp","href":"https:\/\/api.w.org\/{rel}","templated":true}]}}